{"id":4309,"date":"2016-06-16T11:50:41","date_gmt":"2016-06-16T11:50:41","guid":{"rendered":"https:\/\/commparlimage.ca\/garage\/herazz\/?product=brusho-crystal-colour-purple"},"modified":"2025-04-01T11:05:11","modified_gmt":"2025-04-01T15:05:11","slug":"brusho-crystal-colour-purple","status":"publish","type":"product","link":"https:\/\/www.galerie-scrapbooking.com\/en\/produit\/brusho-crystal-colour-purple\/","title":{"rendered":"Brusho Crystal Colour Purple"},"content":{"rendered":"<p>Ces encres watercolor sont tr\u00e8s versatiles et peuvent \u00eatre utilis\u00e9es de diff\u00e9rentes fa\u00e7ons sur du papier, canvas et m\u00eame du bois.<\/p>\n<p>Utilisez diff\u00e9rentes techniques sur vos cartes et vos pages de scrapbooking.<\/p>\n<p>Pot de 15g.<\/p>\n","protected":false},"excerpt":{"rendered":"<p>Brusho Crystal Colour 15g<\/p>\n","protected":false},"featured_media":4310,"template":"","meta":{"_acf_changed":false},"product_brand":[],"product_cat":[271],"product_tag":[],"class_list":{"0":"post-4309","1":"product","2":"type-product","3":"status-publish","4":"has-post-thumbnail","6":"product_cat-brusho","7":"pa_brand_nc-colourcraft","9":"first","10":"instock","11":"taxable","12":"shipping-taxable","13":"purchasable","14":"product-type-simple"},"acf":[],"aioseo_notices":[],"_links":{"self":[{"href":"https:\/\/www.galerie-scrapbooking.com\/en\/wp-json\/wp\/v2\/product\/4309","targetHints":{"allow":["GET"]}}],"collection":[{"href":"https:\/\/www.galerie-scrapbooking.com\/en\/wp-json\/wp\/v2\/product"}],"about":[{"href":"https:\/\/www.galerie-scrapbooking.com\/en\/wp-json\/wp\/v2\/types\/product"}],"wp:featuredmedia":[{"embeddable":true,"href":"https:\/\/www.galerie-scrapbooking.com\/en\/wp-json\/wp\/v2\/media\/4310"}],"wp:attachment":[{"href":"https:\/\/www.galerie-scrapbooking.com\/en\/wp-json\/wp\/v2\/media?parent=4309"}],"wp:term":[{"taxonomy":"product_brand","embeddable":true,"href":"https:\/\/www.galerie-scrapbooking.com\/en\/wp-json\/wp\/v2\/product_brand?post=4309"},{"taxonomy":"product_cat","embeddable":true,"href":"https:\/\/www.galerie-scrapbooking.com\/en\/wp-json\/wp\/v2\/product_cat?post=4309"},{"taxonomy":"product_tag","embeddable":true,"href":"https:\/\/www.galerie-scrapbooking.com\/en\/wp-json\/wp\/v2\/product_tag?post=4309"}],"curies":[{"name":"wp","href":"https:\/\/api.w.org\/{rel}","templated":true}]}}