{"id":4231,"date":"2016-05-19T22:25:20","date_gmt":"2016-05-19T22:25:20","guid":{"rendered":"https:\/\/commparlimage.ca\/garage\/herazz\/?product=altenew-dies-vintage-roses"},"modified":"2023-12-26T12:04:34","modified_gmt":"2023-12-26T17:04:34","slug":"altenew-dies-vintage-roses","status":"publish","type":"product","link":"https:\/\/www.galerie-scrapbooking.com\/en\/produit\/altenew-dies-vintage-roses\/","title":{"rendered":"Altenew Dies Vintage Roses"},"content":{"rendered":"<p>Matrices de d\u00e9coupes Altenew qui s&#8217;hamonisent parfaitement avec les \u00e9tampes Altenew du m\u00eame nom.<\/p>\n","protected":false},"excerpt":{"rendered":"<p>Altenew Die set<\/p>\n","protected":false},"featured_media":4232,"template":"","meta":{"_acf_changed":false},"product_brand":[],"product_cat":[39],"product_tag":[],"class_list":{"0":"post-4231","1":"product","2":"type-product","3":"status-publish","4":"has-post-thumbnail","6":"product_cat-liquidation-scrapbooking","7":"pa_brand_nc-altenew","9":"first","10":"instock","11":"sale","12":"taxable","13":"shipping-taxable","14":"purchasable","15":"product-type-simple"},"acf":[],"aioseo_notices":[],"_links":{"self":[{"href":"https:\/\/www.galerie-scrapbooking.com\/en\/wp-json\/wp\/v2\/product\/4231","targetHints":{"allow":["GET"]}}],"collection":[{"href":"https:\/\/www.galerie-scrapbooking.com\/en\/wp-json\/wp\/v2\/product"}],"about":[{"href":"https:\/\/www.galerie-scrapbooking.com\/en\/wp-json\/wp\/v2\/types\/product"}],"wp:featuredmedia":[{"embeddable":true,"href":"https:\/\/www.galerie-scrapbooking.com\/en\/wp-json\/wp\/v2\/media\/4232"}],"wp:attachment":[{"href":"https:\/\/www.galerie-scrapbooking.com\/en\/wp-json\/wp\/v2\/media?parent=4231"}],"wp:term":[{"taxonomy":"product_brand","embeddable":true,"href":"https:\/\/www.galerie-scrapbooking.com\/en\/wp-json\/wp\/v2\/product_brand?post=4231"},{"taxonomy":"product_cat","embeddable":true,"href":"https:\/\/www.galerie-scrapbooking.com\/en\/wp-json\/wp\/v2\/product_cat?post=4231"},{"taxonomy":"product_tag","embeddable":true,"href":"https:\/\/www.galerie-scrapbooking.com\/en\/wp-json\/wp\/v2\/product_tag?post=4231"}],"curies":[{"name":"wp","href":"https:\/\/api.w.org\/{rel}","templated":true}]}}