{"id":4075,"date":"2016-03-10T13:28:14","date_gmt":"2016-03-10T13:28:14","guid":{"rendered":"https:\/\/commparlimage.ca\/garage\/herazz\/?product=tim-holtz-distress-spray-stain-peeled-paint"},"modified":"2025-07-21T12:35:20","modified_gmt":"2025-07-21T16:35:20","slug":"tim-holtz-distress-spray-stain-peeled-paint","status":"publish","type":"product","link":"https:\/\/www.galerie-scrapbooking.com\/en\/produit\/tim-holtz-distress-spray-stain-peeled-paint\/","title":{"rendered":"Tim Holtz Distress Spray Stain Peeled Paint"},"content":{"rendered":"<p>De Ranger\/Tim Holtz, la m\u00eame formule que les Distress Stain, r\u00e9active \u00e0 l&#8217;eau vient maintenant en vaporisateur.<\/p>\n<p>Vaporisez directement sur des surfaces poreuses pour une couvrance parfaite.<\/p>\n<p>Chaque bouteille contient 1.9 onces de liquide.<\/p>\n<p><iframe loading=\"lazy\" title=\"YouTube video player\" src=\"https:\/\/www.youtube.com\/embed\/GRzrTA-cQfM?si=v5QHu_13W3frJgSu\" width=\"560\" height=\"315\" frameborder=\"0\" allowfullscreen=\"allowfullscreen\"><\/iframe><\/p>\n","protected":false},"excerpt":{"rendered":"<p>Distress Spray Stain 1.9oz<\/p>\n","protected":false},"featured_media":4076,"template":"","meta":{"_acf_changed":false},"product_brand":[],"product_cat":[268],"product_tag":[],"class_list":{"0":"post-4075","1":"product","2":"type-product","3":"status-publish","4":"has-post-thumbnail","6":"product_cat-distress-spray-stain","7":"pa_brand_nc-tim-holtz","9":"first","10":"instock","11":"taxable","12":"shipping-taxable","13":"purchasable","14":"product-type-simple"},"acf":[],"aioseo_notices":[],"_links":{"self":[{"href":"https:\/\/www.galerie-scrapbooking.com\/en\/wp-json\/wp\/v2\/product\/4075","targetHints":{"allow":["GET"]}}],"collection":[{"href":"https:\/\/www.galerie-scrapbooking.com\/en\/wp-json\/wp\/v2\/product"}],"about":[{"href":"https:\/\/www.galerie-scrapbooking.com\/en\/wp-json\/wp\/v2\/types\/product"}],"wp:featuredmedia":[{"embeddable":true,"href":"https:\/\/www.galerie-scrapbooking.com\/en\/wp-json\/wp\/v2\/media\/4076"}],"wp:attachment":[{"href":"https:\/\/www.galerie-scrapbooking.com\/en\/wp-json\/wp\/v2\/media?parent=4075"}],"wp:term":[{"taxonomy":"product_brand","embeddable":true,"href":"https:\/\/www.galerie-scrapbooking.com\/en\/wp-json\/wp\/v2\/product_brand?post=4075"},{"taxonomy":"product_cat","embeddable":true,"href":"https:\/\/www.galerie-scrapbooking.com\/en\/wp-json\/wp\/v2\/product_cat?post=4075"},{"taxonomy":"product_tag","embeddable":true,"href":"https:\/\/www.galerie-scrapbooking.com\/en\/wp-json\/wp\/v2\/product_tag?post=4075"}],"curies":[{"name":"wp","href":"https:\/\/api.w.org\/{rel}","templated":true}]}}