{"id":3979,"date":"2016-02-24T13:38:06","date_gmt":"2016-02-24T13:38:06","guid":{"rendered":"https:\/\/commparlimage.ca\/garage\/herazz\/?product=mark-richards-lisiere-de-bijoux"},"modified":"2016-10-04T12:58:29","modified_gmt":"2016-10-04T12:58:29","slug":"mark-richards-lisiere-de-bijoux","status":"publish","type":"product","link":"https:\/\/www.galerie-scrapbooking.com\/en\/produit\/mark-richards-lisiere-de-bijoux\/","title":{"rendered":"Mark Richards Lisi\u00e8re de Bijoux"},"content":{"rendered":"<p> Mark Richards &#8211; Embellissements de scrapbooking &#8211; lisi\u00e8re de bijoux pour cr\u00e9er de brillants et \u00e9l\u00e9gants projets de scrapbooking<\/p>\n<p>5\/8 x 27 pouces<\/p>\n","protected":false},"excerpt":{"rendered":"<p>Designs Iron-Ons By Mark Richards 27&#8243; Strips<\/p>\n","protected":false},"featured_media":3980,"template":"","meta":{"_acf_changed":false},"product_brand":[],"product_cat":[110,84],"product_tag":[],"class_list":{"0":"post-3979","1":"product","2":"type-product","3":"status-publish","4":"has-post-thumbnail","6":"product_cat-embellissement-scrapbooking-autres","7":"product_cat-bijou-autre-scrapbooking","8":"pa_brand_nc-autres","10":"first","11":"instock","12":"taxable","13":"shipping-taxable","14":"purchasable","15":"product-type-simple"},"acf":[],"aioseo_notices":[],"_links":{"self":[{"href":"https:\/\/www.galerie-scrapbooking.com\/en\/wp-json\/wp\/v2\/product\/3979","targetHints":{"allow":["GET"]}}],"collection":[{"href":"https:\/\/www.galerie-scrapbooking.com\/en\/wp-json\/wp\/v2\/product"}],"about":[{"href":"https:\/\/www.galerie-scrapbooking.com\/en\/wp-json\/wp\/v2\/types\/product"}],"wp:featuredmedia":[{"embeddable":true,"href":"https:\/\/www.galerie-scrapbooking.com\/en\/wp-json\/wp\/v2\/media\/3980"}],"wp:attachment":[{"href":"https:\/\/www.galerie-scrapbooking.com\/en\/wp-json\/wp\/v2\/media?parent=3979"}],"wp:term":[{"taxonomy":"product_brand","embeddable":true,"href":"https:\/\/www.galerie-scrapbooking.com\/en\/wp-json\/wp\/v2\/product_brand?post=3979"},{"taxonomy":"product_cat","embeddable":true,"href":"https:\/\/www.galerie-scrapbooking.com\/en\/wp-json\/wp\/v2\/product_cat?post=3979"},{"taxonomy":"product_tag","embeddable":true,"href":"https:\/\/www.galerie-scrapbooking.com\/en\/wp-json\/wp\/v2\/product_tag?post=3979"}],"curies":[{"name":"wp","href":"https:\/\/api.w.org\/{rel}","templated":true}]}}