{"id":3971,"date":"2016-02-17T13:32:42","date_gmt":"2016-02-17T13:32:42","guid":{"rendered":"https:\/\/commparlimage.ca\/garage\/herazz\/?product=ranger-pinceaux-dartiste"},"modified":"2026-02-18T11:15:49","modified_gmt":"2026-02-18T16:15:49","slug":"ranger-pinceaux-d-artiste","status":"publish","type":"product","link":"https:\/\/www.galerie-scrapbooking.com\/en\/produit\/ranger-pinceaux-d-artiste\/","title":{"rendered":"Ranger Pinceaux d&#8217;artiste"},"content":{"rendered":"<h1>Ranger Pinceaux d&#8217;artiste<\/h1>\n<p>De Ranger, pinceaux d&#8217;artistes parfaits pour la peinture ou appliquer diff\u00e9rents m\u00e9diums pour le mixted m\u00e9dia.<\/p>\n<p>Rondes (sizes): 2, 4, 6 et 9<\/p>\n<p>Plates: 3\/8&#8243;, 1\/2&#8243; et 3\/4&#8243; de largeur<\/p>\n","protected":false},"excerpt":{"rendered":"<p>Artist Brushes 7\/Pkg<\/p>\n","protected":false},"featured_media":3972,"template":"","meta":{"_acf_changed":false},"product_brand":[],"product_cat":[99,386],"product_tag":[],"class_list":{"0":"post-3971","1":"product","2":"type-product","3":"status-publish","4":"has-post-thumbnail","6":"product_cat-tim-holtz-scrapbooking","7":"product_cat-tim-holtz-ranger","8":"pa_brand_nc-ranger","10":"first","11":"instock","12":"taxable","13":"shipping-taxable","14":"purchasable","15":"product-type-simple"},"acf":[],"aioseo_notices":[],"_links":{"self":[{"href":"https:\/\/www.galerie-scrapbooking.com\/en\/wp-json\/wp\/v2\/product\/3971","targetHints":{"allow":["GET"]}}],"collection":[{"href":"https:\/\/www.galerie-scrapbooking.com\/en\/wp-json\/wp\/v2\/product"}],"about":[{"href":"https:\/\/www.galerie-scrapbooking.com\/en\/wp-json\/wp\/v2\/types\/product"}],"wp:featuredmedia":[{"embeddable":true,"href":"https:\/\/www.galerie-scrapbooking.com\/en\/wp-json\/wp\/v2\/media\/3972"}],"wp:attachment":[{"href":"https:\/\/www.galerie-scrapbooking.com\/en\/wp-json\/wp\/v2\/media?parent=3971"}],"wp:term":[{"taxonomy":"product_brand","embeddable":true,"href":"https:\/\/www.galerie-scrapbooking.com\/en\/wp-json\/wp\/v2\/product_brand?post=3971"},{"taxonomy":"product_cat","embeddable":true,"href":"https:\/\/www.galerie-scrapbooking.com\/en\/wp-json\/wp\/v2\/product_cat?post=3971"},{"taxonomy":"product_tag","embeddable":true,"href":"https:\/\/www.galerie-scrapbooking.com\/en\/wp-json\/wp\/v2\/product_tag?post=3971"}],"curies":[{"name":"wp","href":"https:\/\/api.w.org\/{rel}","templated":true}]}}