{"id":3939,"date":"2016-02-12T15:20:28","date_gmt":"2016-02-12T15:20:28","guid":{"rendered":"https:\/\/commparlimage.ca\/garage\/herazz\/?product=tim-holtz-papiers-yupo-pour-alcohol-ink-blanc-5x7"},"modified":"2025-04-12T16:16:55","modified_gmt":"2025-04-12T20:16:55","slug":"tim-holtz-papiers-yupo-pour-alcohol-ink-blanc-5-x7","status":"publish","type":"product","link":"https:\/\/www.galerie-scrapbooking.com\/en\/produit\/tim-holtz-papiers-yupo-pour-alcohol-ink-blanc-5-x7\/","title":{"rendered":"Tim Holtz papiers Yupo pour Alcohol Ink blanc 5&#8243;x7&#8243;"},"content":{"rendered":"<p>Ces papiers ont une surface polyvalent particuli\u00e8rement adapt\u00e9 pour les Alcohol Ink et techniques mixtes m\u00e9dia utilisant les produits Tim Holtz.<\/p>\n<p>Con\u00e7u pour les Alcohol Inks, Mixatives et Blending Solution.<\/p>\n<p>Cette surface lisse, synth\u00e9tique de 86 lb. s\u00e8che rapidement.<\/p>\n<p>Non poreux et r\u00e9sistant \u00e0 l&#8217;eau.<\/p>\n<p>10 feuilles par paquet.<\/p>\n<p>Dimensions: 5 x 7 pouces<\/p>\n<p><iframe loading=\"lazy\" src=\"https:\/\/www.youtube.com\/embed\/DNTsSiTCHaI\" width=\"450\" height=\"253\" frameborder=\"0\" allowfullscreen=\"allowfullscreen\"><\/iframe><\/p>\n","protected":false},"excerpt":{"rendered":"<p>Tim Holtz Alcohol Ink White Yupo Paper 10 Sheets<\/p>\n","protected":false},"featured_media":3940,"template":"","meta":{"_acf_changed":false},"product_brand":[],"product_cat":[115,143,142],"product_tag":[],"class_list":{"0":"post-3939","1":"product","2":"type-product","3":"status-publish","4":"has-post-thumbnail","6":"product_cat-encres-accessoires","7":"product_cat-papier-scrapbooking-autres","8":"product_cat-tim-holtz-papier","9":"pa_brand_nc-tim-holtz","11":"first","12":"instock","13":"taxable","14":"shipping-taxable","15":"purchasable","16":"product-type-simple"},"acf":[],"aioseo_notices":[],"_links":{"self":[{"href":"https:\/\/www.galerie-scrapbooking.com\/en\/wp-json\/wp\/v2\/product\/3939","targetHints":{"allow":["GET"]}}],"collection":[{"href":"https:\/\/www.galerie-scrapbooking.com\/en\/wp-json\/wp\/v2\/product"}],"about":[{"href":"https:\/\/www.galerie-scrapbooking.com\/en\/wp-json\/wp\/v2\/types\/product"}],"wp:featuredmedia":[{"embeddable":true,"href":"https:\/\/www.galerie-scrapbooking.com\/en\/wp-json\/wp\/v2\/media\/3940"}],"wp:attachment":[{"href":"https:\/\/www.galerie-scrapbooking.com\/en\/wp-json\/wp\/v2\/media?parent=3939"}],"wp:term":[{"taxonomy":"product_brand","embeddable":true,"href":"https:\/\/www.galerie-scrapbooking.com\/en\/wp-json\/wp\/v2\/product_brand?post=3939"},{"taxonomy":"product_cat","embeddable":true,"href":"https:\/\/www.galerie-scrapbooking.com\/en\/wp-json\/wp\/v2\/product_cat?post=3939"},{"taxonomy":"product_tag","embeddable":true,"href":"https:\/\/www.galerie-scrapbooking.com\/en\/wp-json\/wp\/v2\/product_tag?post=3939"}],"curies":[{"name":"wp","href":"https:\/\/api.w.org\/{rel}","templated":true}]}}