{"id":3937,"date":"2016-02-12T15:07:40","date_gmt":"2016-02-12T15:07:40","guid":{"rendered":"https:\/\/commparlimage.ca\/garage\/herazz\/?product=distress-ink-picket-fence"},"modified":"2026-04-22T11:09:14","modified_gmt":"2026-04-22T15:09:14","slug":"distress-ink-picket-fence","status":"publish","type":"product","link":"https:\/\/www.galerie-scrapbooking.com\/en\/produit\/distress-ink-picket-fence\/","title":{"rendered":"Distress Ink Picket Fence"},"content":{"rendered":"<p>Les encres Distress sont sans acide, non-toxiques et sont \u00e0 base d&#8217;eau. Ils sont parfaites pour le style vintage, vieillot ou donner un\u00a0effet de teinture.<\/p>\n<p>Id\u00e9ales pour donner ces effects \u00e0 vos pages, cartes, signets, livres alt\u00e9r\u00e9s ou autres projects de scrapbooking.<\/p>\n<p>(Encrer avec l&#8217;applicateur Blending Foam de Ranger)<\/p>\n<p>Voici une vid\u00e9o de Tim Holtz (en anglais)<\/p>\n<p><iframe loading=\"lazy\" src=\"https:\/\/www.youtube.com\/embed\/G5AxHTD5Y9A\" width=\"450\" height=\"253\" frameborder=\"0\" allowfullscreen=\"allowfullscreen\"><\/iframe><\/p>\n","protected":false},"excerpt":{"rendered":"<p>Distress Ink Picket Fence<\/p>\n","protected":false},"featured_media":3938,"template":"","meta":{"_acf_changed":false},"product_brand":[],"product_cat":[48],"product_tag":[],"class_list":{"0":"post-3937","1":"product","2":"type-product","3":"status-publish","4":"has-post-thumbnail","6":"product_cat-distress-ink","7":"pa_brand_nc-ranger","9":"first","10":"instock","11":"taxable","12":"shipping-taxable","13":"purchasable","14":"product-type-simple"},"acf":[],"aioseo_notices":[],"_links":{"self":[{"href":"https:\/\/www.galerie-scrapbooking.com\/en\/wp-json\/wp\/v2\/product\/3937","targetHints":{"allow":["GET"]}}],"collection":[{"href":"https:\/\/www.galerie-scrapbooking.com\/en\/wp-json\/wp\/v2\/product"}],"about":[{"href":"https:\/\/www.galerie-scrapbooking.com\/en\/wp-json\/wp\/v2\/types\/product"}],"wp:featuredmedia":[{"embeddable":true,"href":"https:\/\/www.galerie-scrapbooking.com\/en\/wp-json\/wp\/v2\/media\/3938"}],"wp:attachment":[{"href":"https:\/\/www.galerie-scrapbooking.com\/en\/wp-json\/wp\/v2\/media?parent=3937"}],"wp:term":[{"taxonomy":"product_brand","embeddable":true,"href":"https:\/\/www.galerie-scrapbooking.com\/en\/wp-json\/wp\/v2\/product_brand?post=3937"},{"taxonomy":"product_cat","embeddable":true,"href":"https:\/\/www.galerie-scrapbooking.com\/en\/wp-json\/wp\/v2\/product_cat?post=3937"},{"taxonomy":"product_tag","embeddable":true,"href":"https:\/\/www.galerie-scrapbooking.com\/en\/wp-json\/wp\/v2\/product_tag?post=3937"}],"curies":[{"name":"wp","href":"https:\/\/api.w.org\/{rel}","templated":true}]}}