{"id":3897,"date":"2016-02-03T13:16:04","date_gmt":"2016-02-03T13:16:04","guid":{"rendered":"https:\/\/commparlimage.ca\/garage\/herazz\/?product=penny-black-die-fleches-coeurs"},"modified":"2023-12-24T10:53:28","modified_gmt":"2023-12-24T15:53:28","slug":"penny-black-die-fleches-coeurs","status":"publish","type":"product","link":"https:\/\/www.galerie-scrapbooking.com\/en\/produit\/penny-black-die-fleches-coeurs\/","title":{"rendered":"Penny Black Die Fl\u00e8ches &#038; Coeurs"},"content":{"rendered":"<p>Penny Black matrice de d\u00e9coupes , pour d\u00e9couper parfaitement le papier, facile \u00e0 utiliser avec la Cuttlebug, Vagabond, Grand calibur ou autres machines du m\u00eame genre<\/p>\n<p>Grandeurs :<\/p>\n<p>7.0 x 1.5 cm.<\/p>\n<p>4.0 x 1.0 cm<\/p>\n<p>5.0 x 3.0 cm<\/p>\n","protected":false},"excerpt":{"rendered":"<p>Penny Black Die Sweet Heart<\/p>\n","protected":false},"featured_media":3898,"template":"","meta":{"_acf_changed":false},"product_brand":[],"product_cat":[237],"product_tag":[],"class_list":{"0":"post-3897","1":"product","2":"type-product","3":"status-publish","4":"has-post-thumbnail","6":"product_cat-joy-dies-matrices-decoupes","7":"pa_brand_nc-penny-black","9":"first","10":"instock","11":"taxable","12":"shipping-taxable","13":"purchasable","14":"product-type-simple"},"acf":[],"aioseo_notices":[],"_links":{"self":[{"href":"https:\/\/www.galerie-scrapbooking.com\/en\/wp-json\/wp\/v2\/product\/3897","targetHints":{"allow":["GET"]}}],"collection":[{"href":"https:\/\/www.galerie-scrapbooking.com\/en\/wp-json\/wp\/v2\/product"}],"about":[{"href":"https:\/\/www.galerie-scrapbooking.com\/en\/wp-json\/wp\/v2\/types\/product"}],"wp:featuredmedia":[{"embeddable":true,"href":"https:\/\/www.galerie-scrapbooking.com\/en\/wp-json\/wp\/v2\/media\/3898"}],"wp:attachment":[{"href":"https:\/\/www.galerie-scrapbooking.com\/en\/wp-json\/wp\/v2\/media?parent=3897"}],"wp:term":[{"taxonomy":"product_brand","embeddable":true,"href":"https:\/\/www.galerie-scrapbooking.com\/en\/wp-json\/wp\/v2\/product_brand?post=3897"},{"taxonomy":"product_cat","embeddable":true,"href":"https:\/\/www.galerie-scrapbooking.com\/en\/wp-json\/wp\/v2\/product_cat?post=3897"},{"taxonomy":"product_tag","embeddable":true,"href":"https:\/\/www.galerie-scrapbooking.com\/en\/wp-json\/wp\/v2\/product_tag?post=3897"}],"curies":[{"name":"wp","href":"https:\/\/api.w.org\/{rel}","templated":true}]}}