{"id":3847,"date":"2015-12-17T16:38:03","date_gmt":"2015-12-17T16:38:03","guid":{"rendered":"https:\/\/commparlimage.ca\/garage\/herazz\/?product=sizzix-big-shot-blanche-grise"},"modified":"2025-04-09T10:37:13","modified_gmt":"2025-04-09T14:37:13","slug":"sizzix-big-shot-blanche-grise","status":"publish","type":"product","link":"https:\/\/www.galerie-scrapbooking.com\/en\/produit\/sizzix-big-shot-blanche-grise\/","title":{"rendered":"Sizzix Big Shot blanche &#038; grise"},"content":{"rendered":"<h1>Sizzix Big Shot blanche &amp; grise<\/h1>\n<p>Il y a une raison importante pour laquelle elle s&#8217;appelle Big Shot. C&#8217;est parce qu&#8217;elle utilise aussi bien les plus petites d\u00e9coupes (dies) que les plaques d&#8217;embossage de 6 pouces.<\/p>\n<p>Pour assurer la compatibilit\u00e9, v\u00e9rifiez toujours la machine et les accessoires compatibles. Certains accessoires de la machine peuvent \u00eatre vendus s\u00e9par\u00e9ment.<\/p>\n<p>Inclus: Une paire de plaques de coupes standards et une plateforme standard et une plaque pour adapter les matrices de d\u00e9coupe plus minces viennent avec la Big Shot.<\/p>\n<p>Garantie: \u00a03 mois en Boutique pour un usage normal ou d\u00e9faut du manufacturier.\u00a0La garantie ne couvre pas les plaques et plateforme et ne s&#8217;applique pas pour un usage abusif. \u00a0Apr\u00e9s 3 mois\u00a0vous devrez faire respecter la garantie directement par le manufacturier.<\/p>\n<p>Voici une vid\u00e9o de pr\u00e9sentation: (en anglais de la compagnie Sizzix)<\/p>\n<p>&nbsp;<\/p>\n<p><iframe loading=\"lazy\" src=\"https:\/\/www.youtube.com\/embed\/iI2KT3abuHc\" width=\"560\" height=\"315\" frameborder=\"0\" allowfullscreen=\"allowfullscreen\"><\/iframe><\/p>\n","protected":false},"excerpt":{"rendered":"<p>Sizzix Big Shot Gray &amp; White<\/p>\n","protected":false},"featured_media":3848,"template":"","meta":{"_acf_changed":false},"product_brand":[],"product_cat":[315,262],"product_tag":[],"class_list":{"0":"post-3847","1":"product","2":"type-product","3":"status-publish","4":"has-post-thumbnail","6":"product_cat-outil-bigshot","7":"product_cat-machine-decoupes","8":"pa_brand_nc-sizzix","10":"first","11":"instock","12":"taxable","13":"shipping-taxable","14":"purchasable","15":"product-type-simple"},"acf":[],"aioseo_notices":[],"_links":{"self":[{"href":"https:\/\/www.galerie-scrapbooking.com\/en\/wp-json\/wp\/v2\/product\/3847","targetHints":{"allow":["GET"]}}],"collection":[{"href":"https:\/\/www.galerie-scrapbooking.com\/en\/wp-json\/wp\/v2\/product"}],"about":[{"href":"https:\/\/www.galerie-scrapbooking.com\/en\/wp-json\/wp\/v2\/types\/product"}],"wp:featuredmedia":[{"embeddable":true,"href":"https:\/\/www.galerie-scrapbooking.com\/en\/wp-json\/wp\/v2\/media\/3848"}],"wp:attachment":[{"href":"https:\/\/www.galerie-scrapbooking.com\/en\/wp-json\/wp\/v2\/media?parent=3847"}],"wp:term":[{"taxonomy":"product_brand","embeddable":true,"href":"https:\/\/www.galerie-scrapbooking.com\/en\/wp-json\/wp\/v2\/product_brand?post=3847"},{"taxonomy":"product_cat","embeddable":true,"href":"https:\/\/www.galerie-scrapbooking.com\/en\/wp-json\/wp\/v2\/product_cat?post=3847"},{"taxonomy":"product_tag","embeddable":true,"href":"https:\/\/www.galerie-scrapbooking.com\/en\/wp-json\/wp\/v2\/product_tag?post=3847"}],"curies":[{"name":"wp","href":"https:\/\/api.w.org\/{rel}","templated":true}]}}