{"id":3811,"date":"2015-11-20T18:23:56","date_gmt":"2015-11-20T18:23:56","guid":{"rendered":"https:\/\/commparlimage.ca\/garage\/herazz\/?product=etampe-magnolia-tilda-lace-hood"},"modified":"2024-02-22T21:19:02","modified_gmt":"2024-02-23T02:19:02","slug":"etampe-magnolia-tilda-lace-hood","status":"publish","type":"product","link":"https:\/\/www.galerie-scrapbooking.com\/en\/produit\/etampe-magnolia-tilda-lace-hood\/","title":{"rendered":"\u00c9tampe Magnolia Tilda Lace Hood"},"content":{"rendered":"<p>\u00c9tampe Magnolia faite de polym\u00e8re, \u00e0 utiliser avec un bloc acrylique.<\/p>\n<p>Collection A Lovely Christmas<\/p>\n<p>Se nettoie avec le nettoyeur \u00e0 \u00e9tampe (voir section \u00e9tampe\/accessoires)<\/p>\n","protected":false},"excerpt":{"rendered":"<p>\u00c9tampe Magnolia<\/p>\n","protected":false},"featured_media":3812,"template":"","meta":{"_acf_changed":false},"product_brand":[],"product_cat":[41],"product_tag":[],"class_list":{"0":"post-3811","1":"product","2":"type-product","3":"status-publish","4":"has-post-thumbnail","6":"product_cat-etampe-magnolia","7":"pa_brand_nc-magnolia","9":"first","10":"instock","11":"taxable","12":"shipping-taxable","13":"purchasable","14":"product-type-simple"},"acf":[],"aioseo_notices":[],"_links":{"self":[{"href":"https:\/\/www.galerie-scrapbooking.com\/en\/wp-json\/wp\/v2\/product\/3811","targetHints":{"allow":["GET"]}}],"collection":[{"href":"https:\/\/www.galerie-scrapbooking.com\/en\/wp-json\/wp\/v2\/product"}],"about":[{"href":"https:\/\/www.galerie-scrapbooking.com\/en\/wp-json\/wp\/v2\/types\/product"}],"wp:featuredmedia":[{"embeddable":true,"href":"https:\/\/www.galerie-scrapbooking.com\/en\/wp-json\/wp\/v2\/media\/3812"}],"wp:attachment":[{"href":"https:\/\/www.galerie-scrapbooking.com\/en\/wp-json\/wp\/v2\/media?parent=3811"}],"wp:term":[{"taxonomy":"product_brand","embeddable":true,"href":"https:\/\/www.galerie-scrapbooking.com\/en\/wp-json\/wp\/v2\/product_brand?post=3811"},{"taxonomy":"product_cat","embeddable":true,"href":"https:\/\/www.galerie-scrapbooking.com\/en\/wp-json\/wp\/v2\/product_cat?post=3811"},{"taxonomy":"product_tag","embeddable":true,"href":"https:\/\/www.galerie-scrapbooking.com\/en\/wp-json\/wp\/v2\/product_tag?post=3811"}],"curies":[{"name":"wp","href":"https:\/\/api.w.org\/{rel}","templated":true}]}}