{"id":3794,"date":"2015-11-11T13:52:03","date_gmt":"2015-11-11T13:52:03","guid":{"rendered":"https:\/\/commparlimage.ca\/garage\/herazz\/?product=tim-holtz-distress-glitter-dust-vintage-platinum"},"modified":"2025-02-24T15:39:10","modified_gmt":"2025-02-24T20:39:10","slug":"tim-holtz-distress-glitter-dust","status":"publish","type":"product","link":"https:\/\/www.galerie-scrapbooking.com\/en\/produit\/tim-holtz-distress-glitter-dust\/","title":{"rendered":"Tim Holtz Distress Glitter Dust Vintage Platinum"},"content":{"rendered":"<h1>Tim Holtz Distress Glitter Dust Vintage Platinum<\/h1>\n<p>Une combinaison unique de nostalgie sur un effet m\u00e9tallique qui ajoutera une touche de brillance vintage \u00e0 vos projets de scrapbboking.<\/p>\n<p>Adh\u00e8re sur la poudre \u00e0 embossage Sticky, Glossy Accent ou tout autre adh\u00e9sif pour ajouter un effet glitter vintage.<\/p>\n","protected":false},"excerpt":{"rendered":"<p>Tim Holtz Distress Glitter Dust .50 Grams<\/p>\n","protected":false},"featured_media":3795,"template":"","meta":{"_acf_changed":false},"product_brand":[],"product_cat":[206],"product_tag":[],"class_list":{"0":"post-3794","1":"product","2":"type-product","3":"status-publish","4":"has-post-thumbnail","6":"product_cat-stickles-dry-fine-glitter","7":"pa_brand_nc-ranger","9":"first","10":"instock","11":"taxable","12":"shipping-taxable","13":"purchasable","14":"product-type-simple"},"acf":[],"aioseo_notices":[],"_links":{"self":[{"href":"https:\/\/www.galerie-scrapbooking.com\/en\/wp-json\/wp\/v2\/product\/3794","targetHints":{"allow":["GET"]}}],"collection":[{"href":"https:\/\/www.galerie-scrapbooking.com\/en\/wp-json\/wp\/v2\/product"}],"about":[{"href":"https:\/\/www.galerie-scrapbooking.com\/en\/wp-json\/wp\/v2\/types\/product"}],"wp:featuredmedia":[{"embeddable":true,"href":"https:\/\/www.galerie-scrapbooking.com\/en\/wp-json\/wp\/v2\/media\/3795"}],"wp:attachment":[{"href":"https:\/\/www.galerie-scrapbooking.com\/en\/wp-json\/wp\/v2\/media?parent=3794"}],"wp:term":[{"taxonomy":"product_brand","embeddable":true,"href":"https:\/\/www.galerie-scrapbooking.com\/en\/wp-json\/wp\/v2\/product_brand?post=3794"},{"taxonomy":"product_cat","embeddable":true,"href":"https:\/\/www.galerie-scrapbooking.com\/en\/wp-json\/wp\/v2\/product_cat?post=3794"},{"taxonomy":"product_tag","embeddable":true,"href":"https:\/\/www.galerie-scrapbooking.com\/en\/wp-json\/wp\/v2\/product_tag?post=3794"}],"curies":[{"name":"wp","href":"https:\/\/api.w.org\/{rel}","templated":true}]}}