{"id":3788,"date":"2015-11-04T15:02:30","date_gmt":"2015-11-04T15:02:30","guid":{"rendered":"https:\/\/commparlimage.ca\/garage\/herazz\/?product=tim-holtz-distress-splatter-brush"},"modified":"2025-12-09T13:36:47","modified_gmt":"2025-12-09T18:36:47","slug":"tim-holtz-distress-splatter-brush","status":"publish","type":"product","link":"https:\/\/www.galerie-scrapbooking.com\/en\/produit\/tim-holtz-distress-splatter-brush\/","title":{"rendered":"Tim Holtz Distress Splatter Brush"},"content":{"rendered":"<h1>Ranger &#8211; Tim Holtz Distress Splatter Brush.<\/h1>\n<p>Con\u00e7u pour cr\u00e9er taches uniques, des \u00e9claboussures et des textures sur des projets mixed media avec les encres, les peintures, teintures et plus encore!<\/p>\n<p>Ce paquet contient une brosse de 3 pouces de longueur avec un manche de 4 pouces.<\/p>\n<p>Vid\u00e9o de d\u00e9monstration (en anglais):<\/p>\n<p>&lt;<iframe loading=\"lazy\" title=\"YouTube video player\" src=\"https:\/\/www.youtube.com\/embed\/15UhbibTtkk?si=CasoxkfT6z3wWzAb\" width=\"560\" height=\"315\" frameborder=\"0\" allowfullscreen=\"allowfullscreen\"><\/iframe><\/p>\n","protected":false},"excerpt":{"rendered":"<p>Tim Holtz Distress Splatter Brush<\/p>\n","protected":false},"featured_media":3789,"template":"","meta":{"_acf_changed":false},"product_brand":[],"product_cat":[123,115,386],"product_tag":[],"class_list":{"0":"post-3788","1":"product","2":"type-product","3":"status-publish","4":"has-post-thumbnail","6":"product_cat-etampe-scrapbooking-accessoires","7":"product_cat-encres-accessoires","8":"product_cat-tim-holtz-ranger","9":"pa_brand_nc-tim-holtz","11":"first","12":"instock","13":"taxable","14":"shipping-taxable","15":"purchasable","16":"product-type-simple"},"acf":[],"aioseo_notices":[],"_links":{"self":[{"href":"https:\/\/www.galerie-scrapbooking.com\/en\/wp-json\/wp\/v2\/product\/3788","targetHints":{"allow":["GET"]}}],"collection":[{"href":"https:\/\/www.galerie-scrapbooking.com\/en\/wp-json\/wp\/v2\/product"}],"about":[{"href":"https:\/\/www.galerie-scrapbooking.com\/en\/wp-json\/wp\/v2\/types\/product"}],"wp:featuredmedia":[{"embeddable":true,"href":"https:\/\/www.galerie-scrapbooking.com\/en\/wp-json\/wp\/v2\/media\/3789"}],"wp:attachment":[{"href":"https:\/\/www.galerie-scrapbooking.com\/en\/wp-json\/wp\/v2\/media?parent=3788"}],"wp:term":[{"taxonomy":"product_brand","embeddable":true,"href":"https:\/\/www.galerie-scrapbooking.com\/en\/wp-json\/wp\/v2\/product_brand?post=3788"},{"taxonomy":"product_cat","embeddable":true,"href":"https:\/\/www.galerie-scrapbooking.com\/en\/wp-json\/wp\/v2\/product_cat?post=3788"},{"taxonomy":"product_tag","embeddable":true,"href":"https:\/\/www.galerie-scrapbooking.com\/en\/wp-json\/wp\/v2\/product_tag?post=3788"}],"curies":[{"name":"wp","href":"https:\/\/api.w.org\/{rel}","templated":true}]}}