{"id":37856,"date":"2026-04-30T07:44:46","date_gmt":"2026-04-30T11:44:46","guid":{"rendered":"https:\/\/www.galerie-scrapbooking.com\/?post_type=product&#038;p=37856"},"modified":"2026-04-30T20:07:18","modified_gmt":"2026-05-01T00:07:18","slug":"frogs-whiskers-etampe-papillon-en-vol","status":"publish","type":"product","link":"https:\/\/www.galerie-scrapbooking.com\/en\/produit\/frogs-whiskers-etampe-papillon-en-vol\/","title":{"rendered":"Frog&#8217;s Whiskers \u00c9tampe Papillon en vol"},"content":{"rendered":"<h1>Frog&#8217;s Whiskers \u00c9tampe Papillon en vol<\/h1>\n<p>Ce tampon peut \u00eatre mont\u00e9 sur un bloc acrylique ou utilis\u00e9 avec une plate-forme d&#8217;estampage pour un estampage facile.<\/p>\n<p>Dimensions : 1.25 x 1.50 pouces<\/p>\n","protected":false},"excerpt":{"rendered":"<p>Frog&#8217;s Whiskers Ink Stamp &#8211; Butterfly Right<\/p>\n","protected":false},"featured_media":37843,"template":"","meta":{"_acf_changed":false},"product_brand":[],"product_cat":[121,39,252],"product_tag":[],"class_list":{"0":"post-37856","1":"product","2":"type-product","3":"status-publish","4":"has-post-thumbnail","6":"product_cat-etampe-scrapbooking-autre","7":"product_cat-liquidation-scrapbooking","8":"product_cat-herazz-nouveautes","9":"pa_brand_nc-frogs-whiskers","11":"first","12":"instock","13":"sale","14":"featured","15":"taxable","16":"shipping-taxable","17":"purchasable","18":"product-type-simple"},"acf":[],"aioseo_notices":[],"_links":{"self":[{"href":"https:\/\/www.galerie-scrapbooking.com\/en\/wp-json\/wp\/v2\/product\/37856","targetHints":{"allow":["GET"]}}],"collection":[{"href":"https:\/\/www.galerie-scrapbooking.com\/en\/wp-json\/wp\/v2\/product"}],"about":[{"href":"https:\/\/www.galerie-scrapbooking.com\/en\/wp-json\/wp\/v2\/types\/product"}],"wp:featuredmedia":[{"embeddable":true,"href":"https:\/\/www.galerie-scrapbooking.com\/en\/wp-json\/wp\/v2\/media\/37843"}],"wp:attachment":[{"href":"https:\/\/www.galerie-scrapbooking.com\/en\/wp-json\/wp\/v2\/media?parent=37856"}],"wp:term":[{"taxonomy":"product_brand","embeddable":true,"href":"https:\/\/www.galerie-scrapbooking.com\/en\/wp-json\/wp\/v2\/product_brand?post=37856"},{"taxonomy":"product_cat","embeddable":true,"href":"https:\/\/www.galerie-scrapbooking.com\/en\/wp-json\/wp\/v2\/product_cat?post=37856"},{"taxonomy":"product_tag","embeddable":true,"href":"https:\/\/www.galerie-scrapbooking.com\/en\/wp-json\/wp\/v2\/product_tag?post=37856"}],"curies":[{"name":"wp","href":"https:\/\/api.w.org\/{rel}","templated":true}]}}