{"id":37854,"date":"2026-04-30T07:44:46","date_gmt":"2026-04-30T11:44:46","guid":{"rendered":"https:\/\/www.galerie-scrapbooking.com\/?post_type=product&#038;p=37854"},"modified":"2026-04-30T12:32:46","modified_gmt":"2026-04-30T16:32:46","slug":"frogs-whiskers-etampe-coeurs","status":"publish","type":"product","link":"https:\/\/www.galerie-scrapbooking.com\/en\/produit\/frogs-whiskers-etampe-coeurs\/","title":{"rendered":"Frog&#8217;s Whiskers \u00c9tampe Coeurs"},"content":{"rendered":"<h1>Frog&#8217;s Whiskers \u00c9tampe Coeurs<\/h1>\n<p>Ce tampon peut \u00eatre mont\u00e9 sur un bloc acrylique ou utilis\u00e9 avec une plate-forme d&#8217;estampage pour un estampage facile.<\/p>\n<p>Dimensions : 0.75 x 3.50 pouces<\/p>\n","protected":false},"excerpt":{"rendered":"<p>Frog&#8217;s Whiskers Ink Stamp &#8211; Row oh Hearts<\/p>\n","protected":false},"featured_media":37841,"template":"","meta":{"_acf_changed":false},"product_brand":[],"product_cat":[121,39,252],"product_tag":[],"class_list":{"0":"post-37854","1":"product","2":"type-product","3":"status-publish","4":"has-post-thumbnail","6":"product_cat-etampe-scrapbooking-autre","7":"product_cat-liquidation-scrapbooking","8":"product_cat-herazz-nouveautes","9":"pa_brand_nc-frogs-whiskers","11":"first","12":"instock","13":"sale","14":"featured","15":"taxable","16":"shipping-taxable","17":"purchasable","18":"product-type-simple"},"acf":[],"aioseo_notices":[],"_links":{"self":[{"href":"https:\/\/www.galerie-scrapbooking.com\/en\/wp-json\/wp\/v2\/product\/37854","targetHints":{"allow":["GET"]}}],"collection":[{"href":"https:\/\/www.galerie-scrapbooking.com\/en\/wp-json\/wp\/v2\/product"}],"about":[{"href":"https:\/\/www.galerie-scrapbooking.com\/en\/wp-json\/wp\/v2\/types\/product"}],"wp:featuredmedia":[{"embeddable":true,"href":"https:\/\/www.galerie-scrapbooking.com\/en\/wp-json\/wp\/v2\/media\/37841"}],"wp:attachment":[{"href":"https:\/\/www.galerie-scrapbooking.com\/en\/wp-json\/wp\/v2\/media?parent=37854"}],"wp:term":[{"taxonomy":"product_brand","embeddable":true,"href":"https:\/\/www.galerie-scrapbooking.com\/en\/wp-json\/wp\/v2\/product_brand?post=37854"},{"taxonomy":"product_cat","embeddable":true,"href":"https:\/\/www.galerie-scrapbooking.com\/en\/wp-json\/wp\/v2\/product_cat?post=37854"},{"taxonomy":"product_tag","embeddable":true,"href":"https:\/\/www.galerie-scrapbooking.com\/en\/wp-json\/wp\/v2\/product_tag?post=37854"}],"curies":[{"name":"wp","href":"https:\/\/api.w.org\/{rel}","templated":true}]}}