{"id":37830,"date":"2026-04-30T07:44:47","date_gmt":"2026-04-30T11:44:47","guid":{"rendered":"https:\/\/www.galerie-scrapbooking.com\/?post_type=product&#038;p=37830"},"modified":"2026-05-01T09:23:31","modified_gmt":"2026-05-01T13:23:31","slug":"joy-decoupe-ovale-lys-francais","status":"publish","type":"product","link":"https:\/\/www.galerie-scrapbooking.com\/en\/produit\/joy-decoupe-ovale-lys-francais\/","title":{"rendered":"Joy! D\u00e9coupe ovale Lys fran\u00e7ais"},"content":{"rendered":"<h1>Joy! D\u00e9coupe ovale Lys fran\u00e7ais<\/h1>\n<p>Joy! Crafts Dies &#8211; pour d\u00e9couper parfaitement le papier, facile \u00e0 utiliser avec la Cuttlebug, Big Shot, Grand calibur ou autres machines du m\u00eame genre<\/p>\n<p>Grandeurs : 3 1\/8&#8243; x 4 1\/4&#8243;<\/p>\n","protected":false},"excerpt":{"rendered":"<p>Joy! Crafts Dies &#8211; French Lily Oval<\/p>\n","protected":false},"featured_media":37831,"template":"","meta":{"_acf_changed":false},"product_brand":[],"product_cat":[237,252],"product_tag":[],"class_list":{"0":"post-37830","1":"product","2":"type-product","3":"status-publish","4":"has-post-thumbnail","6":"product_cat-joy-dies-matrices-decoupes","7":"product_cat-herazz-nouveautes","8":"pa_brand_nc-joy","10":"first","11":"instock","12":"sale","13":"featured","14":"taxable","15":"shipping-taxable","16":"purchasable","17":"product-type-simple"},"acf":[],"aioseo_notices":[],"_links":{"self":[{"href":"https:\/\/www.galerie-scrapbooking.com\/en\/wp-json\/wp\/v2\/product\/37830","targetHints":{"allow":["GET"]}}],"collection":[{"href":"https:\/\/www.galerie-scrapbooking.com\/en\/wp-json\/wp\/v2\/product"}],"about":[{"href":"https:\/\/www.galerie-scrapbooking.com\/en\/wp-json\/wp\/v2\/types\/product"}],"wp:featuredmedia":[{"embeddable":true,"href":"https:\/\/www.galerie-scrapbooking.com\/en\/wp-json\/wp\/v2\/media\/37831"}],"wp:attachment":[{"href":"https:\/\/www.galerie-scrapbooking.com\/en\/wp-json\/wp\/v2\/media?parent=37830"}],"wp:term":[{"taxonomy":"product_brand","embeddable":true,"href":"https:\/\/www.galerie-scrapbooking.com\/en\/wp-json\/wp\/v2\/product_brand?post=37830"},{"taxonomy":"product_cat","embeddable":true,"href":"https:\/\/www.galerie-scrapbooking.com\/en\/wp-json\/wp\/v2\/product_cat?post=37830"},{"taxonomy":"product_tag","embeddable":true,"href":"https:\/\/www.galerie-scrapbooking.com\/en\/wp-json\/wp\/v2\/product_tag?post=37830"}],"curies":[{"name":"wp","href":"https:\/\/api.w.org\/{rel}","templated":true}]}}