{"id":37819,"date":"2026-04-30T07:44:47","date_gmt":"2026-04-30T11:44:47","guid":{"rendered":"https:\/\/www.galerie-scrapbooking.com\/?post_type=product&#038;p=37819"},"modified":"2026-04-30T07:44:47","modified_gmt":"2026-04-30T11:44:47","slug":"spellbinders-betterpress-plaque-tulipes-et-jonquilles","status":"publish","type":"product","link":"https:\/\/www.galerie-scrapbooking.com\/en\/produit\/spellbinders-betterpress-plaque-tulipes-et-jonquilles\/","title":{"rendered":"Spellbinders BetterPress Plaque Tulipes et Jonquilles"},"content":{"rendered":"<h1 tabindex=\"0\" role=\"text\">BetterPress Plaque Tulipes et Jonquilles<\/h1>\n<p>Betterpress Tulipes et Jonquilles (impression + dorure \u00e0 chaud) fait partie de la collection Tulipes de Yana, cr\u00e9\u00e9e par Yana Smakula. Elle pr\u00e9sente un magnifique bouquet de tulipes et de jonquilles qui sublimera toutes vos cartes !<\/p>\n<p>Apportez une touche de gaiet\u00e9 et de fra\u00eecheur \u00e0 vos cr\u00e9ations gr\u00e2ce \u00e0 l&#8217;\u00e9l\u00e9gance de la collection Tulipes de Yana. Les motifs peuvent \u00eatre imprim\u00e9s en typographie ou dor\u00e9s \u00e0 chaud pour un r\u00e9sultat \u00e9poustouflant. Laissez libre cours \u00e0 votre cr\u00e9ativit\u00e9 avec cette superbe cr\u00e9ation de Yana Smakula !<\/p>\n<p>Dimensions approximatives : 9,60 x 13,80 cm<\/p>\n<p><strong>NOTE: Les Plaques BetterPress peuvent \u00eatre utilis\u00e9es avec le Glimmer Hot System de Spellbinders et le papier foil.<\/strong><\/p>\n","protected":false},"excerpt":{"rendered":"<p>Spellbinders Press + Foil Plate Tulips and Daffodils<\/p>\n","protected":false},"featured_media":37795,"template":"","meta":{"_acf_changed":false},"product_brand":[],"product_cat":[252,198,86,2164],"product_tag":[],"class_list":{"0":"post-37819","1":"product","2":"type-product","3":"status-publish","4":"has-post-thumbnail","6":"product_cat-herazz-nouveautes","7":"product_cat-grand-calibur-spellbinders","8":"product_cat-spellbinders","9":"product_cat-spellbinders-betterpress","10":"pa_brand_nc-spellbinders","12":"first","13":"instock","14":"featured","15":"taxable","16":"shipping-taxable","17":"purchasable","18":"product-type-simple"},"acf":[],"aioseo_notices":[],"_links":{"self":[{"href":"https:\/\/www.galerie-scrapbooking.com\/en\/wp-json\/wp\/v2\/product\/37819","targetHints":{"allow":["GET"]}}],"collection":[{"href":"https:\/\/www.galerie-scrapbooking.com\/en\/wp-json\/wp\/v2\/product"}],"about":[{"href":"https:\/\/www.galerie-scrapbooking.com\/en\/wp-json\/wp\/v2\/types\/product"}],"wp:featuredmedia":[{"embeddable":true,"href":"https:\/\/www.galerie-scrapbooking.com\/en\/wp-json\/wp\/v2\/media\/37795"}],"wp:attachment":[{"href":"https:\/\/www.galerie-scrapbooking.com\/en\/wp-json\/wp\/v2\/media?parent=37819"}],"wp:term":[{"taxonomy":"product_brand","embeddable":true,"href":"https:\/\/www.galerie-scrapbooking.com\/en\/wp-json\/wp\/v2\/product_brand?post=37819"},{"taxonomy":"product_cat","embeddable":true,"href":"https:\/\/www.galerie-scrapbooking.com\/en\/wp-json\/wp\/v2\/product_cat?post=37819"},{"taxonomy":"product_tag","embeddable":true,"href":"https:\/\/www.galerie-scrapbooking.com\/en\/wp-json\/wp\/v2\/product_tag?post=37819"}],"curies":[{"name":"wp","href":"https:\/\/api.w.org\/{rel}","templated":true}]}}