{"id":37818,"date":"2026-04-30T07:44:47","date_gmt":"2026-04-30T11:44:47","guid":{"rendered":"https:\/\/www.galerie-scrapbooking.com\/?post_type=product&#038;p=37818"},"modified":"2026-04-30T07:44:47","modified_gmt":"2026-04-30T11:44:47","slug":"prima-fleurs-douces-gouttes-de-pluie","status":"publish","type":"product","link":"https:\/\/www.galerie-scrapbooking.com\/en\/produit\/prima-fleurs-douces-gouttes-de-pluie\/","title":{"rendered":"Prima Fleurs Douces gouttes de pluie"},"content":{"rendered":"<h1>Prima Fleurs Douces gouttes de pluie<\/h1>\n<p>Confectionn\u00e9es \u00e0 la main avec soin, les fleurs Prima sont l&#8217;accessoire id\u00e9al pour tous vos projets. Ces magnifiques fleurs s&#8217;harmonisent parfaitement avectous vos projets de scrapbooking.<\/p>\n<p>Avec leurs couleurs douces et leurs textures raffin\u00e9es, elles embelliront \u00e0 merveille vos pages de scrapbooking, cartes, \u00e9tiquettes et bien plus encore.<\/p>\n<p>Chaque paquet contient 90 fleurs<\/p>\n","protected":false},"excerpt":{"rendered":"<p>Prima Marketing Paper Flowers 90\/Pkg &#8211; Sweet Raindrops<\/p>\n","protected":false},"featured_media":37791,"template":"","meta":{"_acf_changed":false},"product_brand":[],"product_cat":[252,192],"product_tag":[],"class_list":{"0":"post-37818","1":"product","2":"type-product","3":"status-publish","4":"has-post-thumbnail","6":"product_cat-herazz-nouveautes","7":"product_cat-fleurs-prima","8":"pa_brand_nc-prima","10":"first","11":"instock","12":"featured","13":"taxable","14":"shipping-taxable","15":"purchasable","16":"product-type-simple"},"acf":[],"aioseo_notices":[],"_links":{"self":[{"href":"https:\/\/www.galerie-scrapbooking.com\/en\/wp-json\/wp\/v2\/product\/37818","targetHints":{"allow":["GET"]}}],"collection":[{"href":"https:\/\/www.galerie-scrapbooking.com\/en\/wp-json\/wp\/v2\/product"}],"about":[{"href":"https:\/\/www.galerie-scrapbooking.com\/en\/wp-json\/wp\/v2\/types\/product"}],"wp:featuredmedia":[{"embeddable":true,"href":"https:\/\/www.galerie-scrapbooking.com\/en\/wp-json\/wp\/v2\/media\/37791"}],"wp:attachment":[{"href":"https:\/\/www.galerie-scrapbooking.com\/en\/wp-json\/wp\/v2\/media?parent=37818"}],"wp:term":[{"taxonomy":"product_brand","embeddable":true,"href":"https:\/\/www.galerie-scrapbooking.com\/en\/wp-json\/wp\/v2\/product_brand?post=37818"},{"taxonomy":"product_cat","embeddable":true,"href":"https:\/\/www.galerie-scrapbooking.com\/en\/wp-json\/wp\/v2\/product_cat?post=37818"},{"taxonomy":"product_tag","embeddable":true,"href":"https:\/\/www.galerie-scrapbooking.com\/en\/wp-json\/wp\/v2\/product_tag?post=37818"}],"curies":[{"name":"wp","href":"https:\/\/api.w.org\/{rel}","templated":true}]}}