{"id":37817,"date":"2026-04-30T07:44:47","date_gmt":"2026-04-30T11:44:47","guid":{"rendered":"https:\/\/www.galerie-scrapbooking.com\/?post_type=product&#038;p=37817"},"modified":"2026-04-30T07:44:47","modified_gmt":"2026-04-30T11:44:47","slug":"prima-fleurs-prairie-blanche","status":"publish","type":"product","link":"https:\/\/www.galerie-scrapbooking.com\/en\/produit\/prima-fleurs-prairie-blanche\/","title":{"rendered":"Prima Fleurs Prairie Blanche"},"content":{"rendered":"<h1>Prima Fleurs\u00a0Prairie Blanche<\/h1>\n<p>Classique et intemporelle, la collection White Meadow pr\u00e9sente des fleurs en forme de marguerite au c\u0153ur jaune tendre, rappelant l&#8217;un des motifs floraux embl\u00e9matiques.<\/p>\n<p>Confectionn\u00e9es en papier de m\u00fbrier, ces fleurs apportent l\u00e9g\u00e8ret\u00e9 et harmonie \u00e0 vos cr\u00e9ations et s&#8217;int\u00e8grent parfaitement \u00e0 la d\u00e9coration de cartes, carnets, albums et objets de d\u00e9coration.<\/p>\n<p>Chaque paquet contient 24 fleurs<\/p>\n","protected":false},"excerpt":{"rendered":"<p>Prima Marketing Paper Flowers 24\/Pkg &#8211; Among the Wildflowers<\/p>\n","protected":false},"featured_media":37789,"template":"","meta":{"_acf_changed":false},"product_brand":[],"product_cat":[252,192],"product_tag":[],"class_list":{"0":"post-37817","1":"product","2":"type-product","3":"status-publish","4":"has-post-thumbnail","6":"product_cat-herazz-nouveautes","7":"product_cat-fleurs-prima","8":"pa_brand_nc-prima","10":"first","11":"instock","12":"featured","13":"taxable","14":"shipping-taxable","15":"purchasable","16":"product-type-simple"},"acf":[],"aioseo_notices":[],"_links":{"self":[{"href":"https:\/\/www.galerie-scrapbooking.com\/en\/wp-json\/wp\/v2\/product\/37817","targetHints":{"allow":["GET"]}}],"collection":[{"href":"https:\/\/www.galerie-scrapbooking.com\/en\/wp-json\/wp\/v2\/product"}],"about":[{"href":"https:\/\/www.galerie-scrapbooking.com\/en\/wp-json\/wp\/v2\/types\/product"}],"wp:featuredmedia":[{"embeddable":true,"href":"https:\/\/www.galerie-scrapbooking.com\/en\/wp-json\/wp\/v2\/media\/37789"}],"wp:attachment":[{"href":"https:\/\/www.galerie-scrapbooking.com\/en\/wp-json\/wp\/v2\/media?parent=37817"}],"wp:term":[{"taxonomy":"product_brand","embeddable":true,"href":"https:\/\/www.galerie-scrapbooking.com\/en\/wp-json\/wp\/v2\/product_brand?post=37817"},{"taxonomy":"product_cat","embeddable":true,"href":"https:\/\/www.galerie-scrapbooking.com\/en\/wp-json\/wp\/v2\/product_cat?post=37817"},{"taxonomy":"product_tag","embeddable":true,"href":"https:\/\/www.galerie-scrapbooking.com\/en\/wp-json\/wp\/v2\/product_tag?post=37817"}],"curies":[{"name":"wp","href":"https:\/\/api.w.org\/{rel}","templated":true}]}}