{"id":37816,"date":"2026-04-30T07:44:47","date_gmt":"2026-04-30T11:44:47","guid":{"rendered":"https:\/\/www.galerie-scrapbooking.com\/?post_type=product&#038;p=37816"},"modified":"2026-04-30T07:44:47","modified_gmt":"2026-04-30T11:44:47","slug":"carta-bella-ensemble-12-x-12-petites-berceuses-pour-bebe-garcon","status":"publish","type":"product","link":"https:\/\/www.galerie-scrapbooking.com\/en\/produit\/carta-bella-ensemble-12-x-12-petites-berceuses-pour-bebe-garcon\/","title":{"rendered":"Carta Bella Ensemble 12&#8243; x 12&#8243; Petites berceuses pour B\u00e9b\u00e9 Gar\u00e7on"},"content":{"rendered":"<h1>Carta Bella Ensemble 12&#8243; x 12&#8243; Petites berceuses pour B\u00e9b\u00e9 Gar\u00e7on<\/h1>\n<p>La collection \u00ab Petites Berceuses \u00bb pour b\u00e9b\u00e9 Gar\u00e7on est id\u00e9ale pour immortaliser les pr\u00e9cieux souvenirs de votre nouveau-n\u00e9 !<\/p>\n<p>Cet ensemble comprend douze feuilles de papier recto-verso de 30,5 cm x 30,5 cm, chacune orn\u00e9e d\u2019un motif unique.<\/p>\n<p>Il contient \u00e9galement une planche d\u2019autocollants de 30,5 cm reprenant certains d\u00e9tails de la collection.<\/p>\n<p>Tous nos produits sont sans acide et imprim\u00e9s sur un papier cartonn\u00e9 opaque de 130 g\/m\u00b2.<\/p>\n<p>&nbsp;<\/p>\n","protected":false},"excerpt":{"rendered":"<p>Carta Bella Little Lullabies Baby Boy Cardstock 12&#8243;X12&#8243;<\/p>\n","protected":false},"featured_media":37799,"template":"","meta":{"_acf_changed":false},"product_brand":[],"product_cat":[141,252,377],"product_tag":[],"class_list":{"0":"post-37816","1":"product","2":"type-product","3":"status-publish","4":"has-post-thumbnail","6":"product_cat-ensemble-papier-scrapbooking","7":"product_cat-herazz-nouveautes","8":"product_cat-papier-carta-bella","9":"pa_brand_nc-carta-bella","11":"first","12":"instock","13":"featured","14":"taxable","15":"shipping-taxable","16":"purchasable","17":"product-type-simple"},"acf":[],"aioseo_notices":[],"_links":{"self":[{"href":"https:\/\/www.galerie-scrapbooking.com\/en\/wp-json\/wp\/v2\/product\/37816","targetHints":{"allow":["GET"]}}],"collection":[{"href":"https:\/\/www.galerie-scrapbooking.com\/en\/wp-json\/wp\/v2\/product"}],"about":[{"href":"https:\/\/www.galerie-scrapbooking.com\/en\/wp-json\/wp\/v2\/types\/product"}],"wp:featuredmedia":[{"embeddable":true,"href":"https:\/\/www.galerie-scrapbooking.com\/en\/wp-json\/wp\/v2\/media\/37799"}],"wp:attachment":[{"href":"https:\/\/www.galerie-scrapbooking.com\/en\/wp-json\/wp\/v2\/media?parent=37816"}],"wp:term":[{"taxonomy":"product_brand","embeddable":true,"href":"https:\/\/www.galerie-scrapbooking.com\/en\/wp-json\/wp\/v2\/product_brand?post=37816"},{"taxonomy":"product_cat","embeddable":true,"href":"https:\/\/www.galerie-scrapbooking.com\/en\/wp-json\/wp\/v2\/product_cat?post=37816"},{"taxonomy":"product_tag","embeddable":true,"href":"https:\/\/www.galerie-scrapbooking.com\/en\/wp-json\/wp\/v2\/product_tag?post=37816"}],"curies":[{"name":"wp","href":"https:\/\/api.w.org\/{rel}","templated":true}]}}