{"id":37814,"date":"2026-04-30T07:44:47","date_gmt":"2026-04-30T11:44:47","guid":{"rendered":"https:\/\/www.galerie-scrapbooking.com\/?post_type=product&#038;p=37814"},"modified":"2026-04-30T07:44:47","modified_gmt":"2026-04-30T11:44:47","slug":"stamperia-ensemble-8-x-8-jardins-du-temps","status":"publish","type":"product","link":"https:\/\/www.galerie-scrapbooking.com\/en\/produit\/stamperia-ensemble-8-x-8-jardins-du-temps\/","title":{"rendered":"Stamperia Ensemble 8&#8243; x 8&#8243; Jardins du Temps"},"content":{"rendered":"<h1>Stamperia Ensemble 8&#8243; x 8&#8243; Jardins du Temps<\/h1>\n<p>Commencez votre projet du bon pied avec le papier parfait pour les pages de scrapbooking, les cartes de souhaits, les signets, les cartes-cadeaux, les supports mixtes et bien plus encore !<\/p>\n<p>Les ensembles de papiers vous offrent la possibilit\u00e9 de planifier facilement des pages de scrapbook car tous les papiers se coordonnent les uns avec les autres.<\/p>\n<p>Ce paquet contient 10 feuilles recto-verso de 8 x 8 pouces avec un motif diff\u00e9rent de chaque c\u00f4t\u00e9.<\/p>\n","protected":false},"excerpt":{"rendered":"<p>Stamperia Double-Sided Paper Pad 8&#8243;X8&#8243; 10\/Pkg &#8211; Gardens of Time<\/p>\n","protected":false},"featured_media":37809,"template":"","meta":{"_acf_changed":false},"product_brand":[],"product_cat":[410,252,345],"product_tag":[],"class_list":{"0":"post-37814","1":"product","2":"type-product","3":"status-publish","4":"has-post-thumbnail","6":"product_cat-papiers-scrapbooking-8x8","7":"product_cat-herazz-nouveautes","8":"product_cat-papiers-stamperia","9":"pa_brand_nc-stamperia","11":"first","12":"instock","13":"featured","14":"taxable","15":"shipping-taxable","16":"purchasable","17":"product-type-simple"},"acf":[],"aioseo_notices":[],"_links":{"self":[{"href":"https:\/\/www.galerie-scrapbooking.com\/en\/wp-json\/wp\/v2\/product\/37814","targetHints":{"allow":["GET"]}}],"collection":[{"href":"https:\/\/www.galerie-scrapbooking.com\/en\/wp-json\/wp\/v2\/product"}],"about":[{"href":"https:\/\/www.galerie-scrapbooking.com\/en\/wp-json\/wp\/v2\/types\/product"}],"wp:featuredmedia":[{"embeddable":true,"href":"https:\/\/www.galerie-scrapbooking.com\/en\/wp-json\/wp\/v2\/media\/37809"}],"wp:attachment":[{"href":"https:\/\/www.galerie-scrapbooking.com\/en\/wp-json\/wp\/v2\/media?parent=37814"}],"wp:term":[{"taxonomy":"product_brand","embeddable":true,"href":"https:\/\/www.galerie-scrapbooking.com\/en\/wp-json\/wp\/v2\/product_brand?post=37814"},{"taxonomy":"product_cat","embeddable":true,"href":"https:\/\/www.galerie-scrapbooking.com\/en\/wp-json\/wp\/v2\/product_cat?post=37814"},{"taxonomy":"product_tag","embeddable":true,"href":"https:\/\/www.galerie-scrapbooking.com\/en\/wp-json\/wp\/v2\/product_tag?post=37814"}],"curies":[{"name":"wp","href":"https:\/\/api.w.org\/{rel}","templated":true}]}}