{"id":37813,"date":"2026-04-30T07:44:47","date_gmt":"2026-04-30T11:44:47","guid":{"rendered":"https:\/\/www.galerie-scrapbooking.com\/?post_type=product&#038;p=37813"},"modified":"2026-04-30T07:44:47","modified_gmt":"2026-04-30T11:44:47","slug":"elizabeth-craft-die-hortensia-panicule","status":"publish","type":"product","link":"https:\/\/www.galerie-scrapbooking.com\/en\/produit\/elizabeth-craft-die-hortensia-panicule\/","title":{"rendered":"Elizabeth Craft Die Hortensia panicul\u00e9"},"content":{"rendered":"<h1>Elizabeth Craft Die Hortensia panicul\u00e9<\/h1>\n<p>Cet ensemble vous permet de cr\u00e9er un Hortensia panicul\u00e9, ainsi qu&#8217;un Hortensia \u00e0 fleurs en pompon en bonus. C&#8217;est un set polyvalent, id\u00e9al pour ajouter de la profondeur et de la vari\u00e9t\u00e9 \u00e0 vos compositions florales.<\/p>\n<p>Combinez facilement les formes pour cr\u00e9er des arrangements r\u00e9alistes pour vos cartes, \u00e9tiquettes et projets 3D faits main. Ces fleurs apporteront une touche d\u00e9corative \u00e9l\u00e9gante \u00e0 tous vos projets.<\/p>\n<p>Ce set comprend 9 matrices de d\u00e9coupe en m\u00e9tal fin, la plus grande mesurant environ 7,8 x 5,3 cm.<\/p>\n<p>&nbsp;<\/p>\n","protected":false},"excerpt":{"rendered":"<p>Elizabeth Craft Metal Die &#8211; Panicle Hydrangea<\/p>\n","protected":false},"featured_media":37803,"template":"","meta":{"_acf_changed":false},"product_brand":[],"product_cat":[235,252],"product_tag":[],"class_list":{"0":"post-37813","1":"product","2":"type-product","3":"status-publish","4":"has-post-thumbnail","6":"product_cat-elizabeth-craft-matrices-decoupes-dies-scrapbooking","7":"product_cat-herazz-nouveautes","8":"pa_brand_nc-elizabeth-craft-designs","10":"first","11":"instock","12":"featured","13":"taxable","14":"shipping-taxable","15":"purchasable","16":"product-type-simple"},"acf":[],"aioseo_notices":[],"_links":{"self":[{"href":"https:\/\/www.galerie-scrapbooking.com\/en\/wp-json\/wp\/v2\/product\/37813","targetHints":{"allow":["GET"]}}],"collection":[{"href":"https:\/\/www.galerie-scrapbooking.com\/en\/wp-json\/wp\/v2\/product"}],"about":[{"href":"https:\/\/www.galerie-scrapbooking.com\/en\/wp-json\/wp\/v2\/types\/product"}],"wp:featuredmedia":[{"embeddable":true,"href":"https:\/\/www.galerie-scrapbooking.com\/en\/wp-json\/wp\/v2\/media\/37803"}],"wp:attachment":[{"href":"https:\/\/www.galerie-scrapbooking.com\/en\/wp-json\/wp\/v2\/media?parent=37813"}],"wp:term":[{"taxonomy":"product_brand","embeddable":true,"href":"https:\/\/www.galerie-scrapbooking.com\/en\/wp-json\/wp\/v2\/product_brand?post=37813"},{"taxonomy":"product_cat","embeddable":true,"href":"https:\/\/www.galerie-scrapbooking.com\/en\/wp-json\/wp\/v2\/product_cat?post=37813"},{"taxonomy":"product_tag","embeddable":true,"href":"https:\/\/www.galerie-scrapbooking.com\/en\/wp-json\/wp\/v2\/product_tag?post=37813"}],"curies":[{"name":"wp","href":"https:\/\/api.w.org\/{rel}","templated":true}]}}