{"id":37726,"date":"2026-04-09T08:48:05","date_gmt":"2026-04-09T12:48:05","guid":{"rendered":"https:\/\/www.galerie-scrapbooking.com\/?post_type=product&#038;p=37726"},"modified":"2026-04-09T08:48:05","modified_gmt":"2026-04-09T12:48:05","slug":"lavinia-rangement-pour-etampes-seren-sans-feuilles-de-rangement","status":"publish","type":"product","link":"https:\/\/www.galerie-scrapbooking.com\/en\/produit\/lavinia-rangement-pour-etampes-seren-sans-feuilles-de-rangement\/","title":{"rendered":"Lavinia Rangement pour \u00e9tampes Seren (sans feuilles de rangement)"},"content":{"rendered":"<h1>Lavinia Rangement pour \u00e9tampes Seren<\/h1>\n<p>Vous allez adorer ce classeur \u00e0 anneaux Lavinia Stamps.<\/p>\n<p>Il est id\u00e9al pour stocker les \u00e9tampes et autres objets d&#8217;artisanat.<\/p>\n<p>Dot\u00e9 d&#8217;une solide fermeture \u00e0 glissi\u00e8re, ce classeur de qualit\u00e9 sup\u00e9rieure est magnifiquement fini avec un design exclusif .<\/p>\n<p>La taille est d&#8217;environ 24 cm de large x 24 cm de haut x 5,5 cm de profondeur.<\/p>\n<p>Ne comprend pas de feuilles de rangement pour \u00e9tampes.<\/p>\n","protected":false},"excerpt":{"rendered":"<p>Lavinia Stamps Ring Binder<\/p>\n","protected":false},"featured_media":37727,"template":"","meta":{"_acf_changed":false},"product_brand":[],"product_cat":[123,342,252,238],"product_tag":[],"class_list":{"0":"post-37726","1":"product","2":"type-product","3":"status-publish","4":"has-post-thumbnail","6":"product_cat-etampe-scrapbooking-accessoires","7":"product_cat-etampes-lavinia","8":"product_cat-herazz-nouveautes","9":"product_cat-rangements-scrapbooking","10":"pa_brand_nc-lavinia","12":"first","13":"instock","14":"featured","15":"taxable","16":"shipping-taxable","17":"purchasable","18":"product-type-simple"},"acf":[],"aioseo_notices":[],"_links":{"self":[{"href":"https:\/\/www.galerie-scrapbooking.com\/en\/wp-json\/wp\/v2\/product\/37726","targetHints":{"allow":["GET"]}}],"collection":[{"href":"https:\/\/www.galerie-scrapbooking.com\/en\/wp-json\/wp\/v2\/product"}],"about":[{"href":"https:\/\/www.galerie-scrapbooking.com\/en\/wp-json\/wp\/v2\/types\/product"}],"wp:featuredmedia":[{"embeddable":true,"href":"https:\/\/www.galerie-scrapbooking.com\/en\/wp-json\/wp\/v2\/media\/37727"}],"wp:attachment":[{"href":"https:\/\/www.galerie-scrapbooking.com\/en\/wp-json\/wp\/v2\/media?parent=37726"}],"wp:term":[{"taxonomy":"product_brand","embeddable":true,"href":"https:\/\/www.galerie-scrapbooking.com\/en\/wp-json\/wp\/v2\/product_brand?post=37726"},{"taxonomy":"product_cat","embeddable":true,"href":"https:\/\/www.galerie-scrapbooking.com\/en\/wp-json\/wp\/v2\/product_cat?post=37726"},{"taxonomy":"product_tag","embeddable":true,"href":"https:\/\/www.galerie-scrapbooking.com\/en\/wp-json\/wp\/v2\/product_tag?post=37726"}],"curies":[{"name":"wp","href":"https:\/\/api.w.org\/{rel}","templated":true}]}}