{"id":37724,"date":"2026-04-09T08:48:05","date_gmt":"2026-04-09T12:48:05","guid":{"rendered":"https:\/\/www.galerie-scrapbooking.com\/?post_type=product&#038;p=37724"},"modified":"2026-04-09T08:48:05","modified_gmt":"2026-04-09T12:48:05","slug":"lavinia-etampe-arbre-ecorce-de-lune","status":"publish","type":"product","link":"https:\/\/www.galerie-scrapbooking.com\/en\/produit\/lavinia-etampe-arbre-ecorce-de-lune\/","title":{"rendered":"Lavinia \u00c9tampe Arbre \u00e9corce de lune"},"content":{"rendered":"<h1>Lavinia \u00c9tampe Arbre \u00e9corce de lune<\/h1>\n<p>Un ensemble de deux \u00e9tampes repr\u00e9sentant le magnifique arbre Moonbark :<\/p>\n<p>La plus grande \u00e9tampe figure les branches, le tronc et les racines, entrelac\u00e9s et torsad\u00e9s dans une forme a\u00e9rienne.<\/p>\n<p>Pour ajouter le feuillage, une petite \u00e9tampe repr\u00e9sente une guirlande de feuilles d\u00e9licates.<\/p>\n<p>Dimension approximative:<\/p>\n<p><span lang=\"EN-US\">8 cm x 10.5 cm &#8211; 1 cm x 3 cm<\/span><\/p>\n","protected":false},"excerpt":{"rendered":"<p>Lavinia Stamp &#8211; Moonbark tree<\/p>\n","protected":false},"featured_media":37707,"template":"","meta":{"_acf_changed":false},"product_brand":[],"product_cat":[420,342,252],"product_tag":[],"class_list":{"0":"post-37724","1":"product","2":"type-product","3":"status-publish","4":"has-post-thumbnail","6":"product_cat-arbre-paysage","7":"product_cat-etampes-lavinia","8":"product_cat-herazz-nouveautes","9":"pa_brand_nc-lavinia","11":"first","12":"instock","13":"featured","14":"taxable","15":"shipping-taxable","16":"purchasable","17":"product-type-simple"},"acf":[],"aioseo_notices":[],"_links":{"self":[{"href":"https:\/\/www.galerie-scrapbooking.com\/en\/wp-json\/wp\/v2\/product\/37724","targetHints":{"allow":["GET"]}}],"collection":[{"href":"https:\/\/www.galerie-scrapbooking.com\/en\/wp-json\/wp\/v2\/product"}],"about":[{"href":"https:\/\/www.galerie-scrapbooking.com\/en\/wp-json\/wp\/v2\/types\/product"}],"wp:featuredmedia":[{"embeddable":true,"href":"https:\/\/www.galerie-scrapbooking.com\/en\/wp-json\/wp\/v2\/media\/37707"}],"wp:attachment":[{"href":"https:\/\/www.galerie-scrapbooking.com\/en\/wp-json\/wp\/v2\/media?parent=37724"}],"wp:term":[{"taxonomy":"product_brand","embeddable":true,"href":"https:\/\/www.galerie-scrapbooking.com\/en\/wp-json\/wp\/v2\/product_brand?post=37724"},{"taxonomy":"product_cat","embeddable":true,"href":"https:\/\/www.galerie-scrapbooking.com\/en\/wp-json\/wp\/v2\/product_cat?post=37724"},{"taxonomy":"product_tag","embeddable":true,"href":"https:\/\/www.galerie-scrapbooking.com\/en\/wp-json\/wp\/v2\/product_tag?post=37724"}],"curies":[{"name":"wp","href":"https:\/\/api.w.org\/{rel}","templated":true}]}}