{"id":37723,"date":"2026-04-09T08:48:05","date_gmt":"2026-04-09T12:48:05","guid":{"rendered":"https:\/\/www.galerie-scrapbooking.com\/?post_type=product&#038;p=37723"},"modified":"2026-04-09T12:38:31","modified_gmt":"2026-04-09T16:38:31","slug":"lavinia-etampe-puits-detoiles","status":"publish","type":"product","link":"https:\/\/www.galerie-scrapbooking.com\/en\/produit\/lavinia-etampe-puits-detoiles\/","title":{"rendered":"Lavinia \u00c9tampe Puits d&#8217;\u00c9toiles"},"content":{"rendered":"<h1>Lavinia \u00c9tampe Puits d&#8217;\u00c9toiles<\/h1>\n<p>Un puits ancien plein de charme, avec un toit en pente, un seau et une corde suspendus \u00e0 une poutre, pr\u00eats \u00e0 \u00eatre plong\u00e9s dans l&#8217;eau.<\/p>\n<p>Cette \u00e9tampe, tr\u00e8s demand\u00e9e, est id\u00e9ale pour illustrer une sc\u00e8ne pastorale mystique ou rustique.<\/p>\n<p>Dimension approximative:<\/p>\n<p><span lang=\"EN-US\">6.0 cm x 7.8 cm<\/span><\/p>\n","protected":false},"excerpt":{"rendered":"<p>Lavinia Stamp &#8211; Starwell<\/p>\n","protected":false},"featured_media":37713,"template":"","meta":{"_acf_changed":false},"product_brand":[],"product_cat":[420,342,252,2226],"product_tag":[],"class_list":{"0":"post-37723","1":"product","2":"type-product","3":"status-publish","4":"has-post-thumbnail","6":"product_cat-arbre-paysage","7":"product_cat-etampes-lavinia","8":"product_cat-herazz-nouveautes","9":"product_cat-objets","10":"pa_brand_nc-lavinia","12":"first","13":"instock","14":"featured","15":"taxable","16":"shipping-taxable","17":"purchasable","18":"product-type-simple"},"acf":[],"aioseo_notices":[],"_links":{"self":[{"href":"https:\/\/www.galerie-scrapbooking.com\/en\/wp-json\/wp\/v2\/product\/37723","targetHints":{"allow":["GET"]}}],"collection":[{"href":"https:\/\/www.galerie-scrapbooking.com\/en\/wp-json\/wp\/v2\/product"}],"about":[{"href":"https:\/\/www.galerie-scrapbooking.com\/en\/wp-json\/wp\/v2\/types\/product"}],"wp:featuredmedia":[{"embeddable":true,"href":"https:\/\/www.galerie-scrapbooking.com\/en\/wp-json\/wp\/v2\/media\/37713"}],"wp:attachment":[{"href":"https:\/\/www.galerie-scrapbooking.com\/en\/wp-json\/wp\/v2\/media?parent=37723"}],"wp:term":[{"taxonomy":"product_brand","embeddable":true,"href":"https:\/\/www.galerie-scrapbooking.com\/en\/wp-json\/wp\/v2\/product_brand?post=37723"},{"taxonomy":"product_cat","embeddable":true,"href":"https:\/\/www.galerie-scrapbooking.com\/en\/wp-json\/wp\/v2\/product_cat?post=37723"},{"taxonomy":"product_tag","embeddable":true,"href":"https:\/\/www.galerie-scrapbooking.com\/en\/wp-json\/wp\/v2\/product_tag?post=37723"}],"curies":[{"name":"wp","href":"https:\/\/api.w.org\/{rel}","templated":true}]}}