{"id":37722,"date":"2026-04-09T08:48:06","date_gmt":"2026-04-09T12:48:06","guid":{"rendered":"https:\/\/www.galerie-scrapbooking.com\/?post_type=product&#038;p=37722"},"modified":"2026-04-09T12:38:31","modified_gmt":"2026-04-09T16:38:31","slug":"lavinia-etampe-habitation-dans-une-souche-darbre","status":"publish","type":"product","link":"https:\/\/www.galerie-scrapbooking.com\/en\/produit\/lavinia-etampe-habitation-dans-une-souche-darbre\/","title":{"rendered":"Lavinia \u00c9tampe Habitation dans une souche d&#8217;arbre"},"content":{"rendered":"<h1>Lavinia \u00c9tampe Habitation dans une souche d&#8217;arbre<\/h1>\n<p>Une \u00e9tampe fantaisiste repr\u00e9sentant une myst\u00e9rieuse demeure, incrust\u00e9e dans une souche d&#8217;arbre, avec de petites marches taill\u00e9es dans la souche menant \u00e0 une porte.<\/p>\n<p>\u00c0 l&#8217;int\u00e9rieur, on aper\u00e7oit un escalier plus petit qui s&#8217;enfonce dans l&#8217;obscurit\u00e9.<\/p>\n<p>Dimension approximative:<\/p>\n<p><span lang=\"EN-US\">6.5 x 7.0 cm<\/span><\/p>\n","protected":false},"excerpt":{"rendered":"<p>Lavinia Stamp &#8211; Faelorn Rest<\/p>\n","protected":false},"featured_media":37705,"template":"","meta":{"_acf_changed":false},"product_brand":[],"product_cat":[420,342,252],"product_tag":[],"class_list":{"0":"post-37722","1":"product","2":"type-product","3":"status-publish","4":"has-post-thumbnail","6":"product_cat-arbre-paysage","7":"product_cat-etampes-lavinia","8":"product_cat-herazz-nouveautes","9":"pa_brand_nc-lavinia","11":"first","12":"instock","13":"featured","14":"taxable","15":"shipping-taxable","16":"purchasable","17":"product-type-simple"},"acf":[],"aioseo_notices":[],"_links":{"self":[{"href":"https:\/\/www.galerie-scrapbooking.com\/en\/wp-json\/wp\/v2\/product\/37722","targetHints":{"allow":["GET"]}}],"collection":[{"href":"https:\/\/www.galerie-scrapbooking.com\/en\/wp-json\/wp\/v2\/product"}],"about":[{"href":"https:\/\/www.galerie-scrapbooking.com\/en\/wp-json\/wp\/v2\/types\/product"}],"wp:featuredmedia":[{"embeddable":true,"href":"https:\/\/www.galerie-scrapbooking.com\/en\/wp-json\/wp\/v2\/media\/37705"}],"wp:attachment":[{"href":"https:\/\/www.galerie-scrapbooking.com\/en\/wp-json\/wp\/v2\/media?parent=37722"}],"wp:term":[{"taxonomy":"product_brand","embeddable":true,"href":"https:\/\/www.galerie-scrapbooking.com\/en\/wp-json\/wp\/v2\/product_brand?post=37722"},{"taxonomy":"product_cat","embeddable":true,"href":"https:\/\/www.galerie-scrapbooking.com\/en\/wp-json\/wp\/v2\/product_cat?post=37722"},{"taxonomy":"product_tag","embeddable":true,"href":"https:\/\/www.galerie-scrapbooking.com\/en\/wp-json\/wp\/v2\/product_tag?post=37722"}],"curies":[{"name":"wp","href":"https:\/\/api.w.org\/{rel}","templated":true}]}}