{"id":37691,"date":"2026-04-09T08:48:06","date_gmt":"2026-04-09T12:48:06","guid":{"rendered":"https:\/\/www.galerie-scrapbooking.com\/?post_type=product&#038;p=37691"},"modified":"2026-04-09T12:38:31","modified_gmt":"2026-04-09T16:38:31","slug":"lavinia-etampe-ashfoot-le-lievre","status":"publish","type":"product","link":"https:\/\/www.galerie-scrapbooking.com\/en\/produit\/lavinia-etampe-ashfoot-le-lievre\/","title":{"rendered":"Lavinia \u00c9tampe Ashfoot le Li\u00e8vre"},"content":{"rendered":"<h1>Lavinia \u00c9tampe Ashfoot le Li\u00e8vre<\/h1>\n<p>Une magnifique \u00e9tampe illustrant Ashfoot, le li\u00e8vre assis, dont la fourrure textur\u00e9e est tr\u00e8s d\u00e9taill\u00e9e.<\/p>\n<p>Ce li\u00e8vre est un personnage central id\u00e9al pour une sc\u00e8ne o\u00f9 il pourra \u00eatre associ\u00e9 \u00e0 d&#8217;autres li\u00e8vres et animaux de la for\u00eat de notre collection d&#8217;\u00e9tampes.<\/p>\n<p>Dimension approximative:<\/p>\n<p>3.5 x 4.0 cm<\/p>\n<p>&nbsp;<\/p>\n","protected":false},"excerpt":{"rendered":"<p>Lavinia Stamp &#8211; Ashfoot<\/p>\n","protected":false},"featured_media":37693,"template":"","meta":{"_acf_changed":false},"product_brand":[],"product_cat":[421,342,252],"product_tag":[],"class_list":{"0":"post-37691","1":"product","2":"type-product","3":"status-publish","4":"has-post-thumbnail","6":"product_cat-animaux-insectes","7":"product_cat-etampes-lavinia","8":"product_cat-herazz-nouveautes","9":"pa_brand_nc-lavinia","11":"first","12":"instock","13":"featured","14":"taxable","15":"shipping-taxable","16":"purchasable","17":"product-type-simple"},"acf":[],"aioseo_notices":[],"_links":{"self":[{"href":"https:\/\/www.galerie-scrapbooking.com\/en\/wp-json\/wp\/v2\/product\/37691","targetHints":{"allow":["GET"]}}],"collection":[{"href":"https:\/\/www.galerie-scrapbooking.com\/en\/wp-json\/wp\/v2\/product"}],"about":[{"href":"https:\/\/www.galerie-scrapbooking.com\/en\/wp-json\/wp\/v2\/types\/product"}],"wp:featuredmedia":[{"embeddable":true,"href":"https:\/\/www.galerie-scrapbooking.com\/en\/wp-json\/wp\/v2\/media\/37693"}],"wp:attachment":[{"href":"https:\/\/www.galerie-scrapbooking.com\/en\/wp-json\/wp\/v2\/media?parent=37691"}],"wp:term":[{"taxonomy":"product_brand","embeddable":true,"href":"https:\/\/www.galerie-scrapbooking.com\/en\/wp-json\/wp\/v2\/product_brand?post=37691"},{"taxonomy":"product_cat","embeddable":true,"href":"https:\/\/www.galerie-scrapbooking.com\/en\/wp-json\/wp\/v2\/product_cat?post=37691"},{"taxonomy":"product_tag","embeddable":true,"href":"https:\/\/www.galerie-scrapbooking.com\/en\/wp-json\/wp\/v2\/product_tag?post=37691"}],"curies":[{"name":"wp","href":"https:\/\/api.w.org\/{rel}","templated":true}]}}