{"id":3758,"date":"2015-10-07T18:21:53","date_gmt":"2015-10-07T18:21:53","guid":{"rendered":"https:\/\/commparlimage.ca\/garage\/herazz\/?product=scraperfect-embout-pour-application-precise-medium"},"modified":"2025-03-17T16:38:21","modified_gmt":"2025-03-17T20:38:21","slug":"scraperfect-embout-pour-application-precise-medium","status":"publish","type":"product","link":"https:\/\/www.galerie-scrapbooking.com\/en\/produit\/scraperfect-embout-pour-application-precise-medium\/","title":{"rendered":"ScraPerfect  Embout pour application pr\u00e9cise m\u00e9dium"},"content":{"rendered":"<p>Applicateur pour application pr\u00e9cise, de fines lignes, sans d\u00e9g\u00e2t pour bouteilles de grandeur moyenne.<\/p>\n<p>Voici une vid\u00e9o de d\u00e9monstration (en anglais):<\/p>\n<p><iframe loading=\"lazy\" src=\"https:\/\/www.youtube.com\/embed\/AuSmcYTR2zo\" width=\"450\" height=\"253\" frameborder=\"0\" allowfullscreen=\"allowfullscreen\"><\/iframe><\/p>\n","protected":false},"excerpt":{"rendered":"<p>Scraperfect &#8211; No Clog Writing Cap<\/p>\n","protected":false},"featured_media":3759,"template":"","meta":{"_acf_changed":false},"product_brand":[],"product_cat":[45,132],"product_tag":[],"class_list":{"0":"post-3758","1":"product","2":"type-product","3":"status-publish","4":"has-post-thumbnail","6":"product_cat-adhesifs-autres","7":"product_cat-outils-accessoires-autres","8":"pa_brand_nc-autres","10":"first","11":"instock","12":"taxable","13":"shipping-taxable","14":"purchasable","15":"product-type-simple"},"acf":[],"aioseo_notices":[],"_links":{"self":[{"href":"https:\/\/www.galerie-scrapbooking.com\/en\/wp-json\/wp\/v2\/product\/3758","targetHints":{"allow":["GET"]}}],"collection":[{"href":"https:\/\/www.galerie-scrapbooking.com\/en\/wp-json\/wp\/v2\/product"}],"about":[{"href":"https:\/\/www.galerie-scrapbooking.com\/en\/wp-json\/wp\/v2\/types\/product"}],"wp:featuredmedia":[{"embeddable":true,"href":"https:\/\/www.galerie-scrapbooking.com\/en\/wp-json\/wp\/v2\/media\/3759"}],"wp:attachment":[{"href":"https:\/\/www.galerie-scrapbooking.com\/en\/wp-json\/wp\/v2\/media?parent=3758"}],"wp:term":[{"taxonomy":"product_brand","embeddable":true,"href":"https:\/\/www.galerie-scrapbooking.com\/en\/wp-json\/wp\/v2\/product_brand?post=3758"},{"taxonomy":"product_cat","embeddable":true,"href":"https:\/\/www.galerie-scrapbooking.com\/en\/wp-json\/wp\/v2\/product_cat?post=3758"},{"taxonomy":"product_tag","embeddable":true,"href":"https:\/\/www.galerie-scrapbooking.com\/en\/wp-json\/wp\/v2\/product_tag?post=3758"}],"curies":[{"name":"wp","href":"https:\/\/api.w.org\/{rel}","templated":true}]}}