{"id":3750,"date":"2015-10-06T13:01:23","date_gmt":"2015-10-06T13:01:23","guid":{"rendered":"https:\/\/commparlimage.ca\/garage\/herazz\/?product=masque-joyeux-anniversaire"},"modified":"2016-05-16T18:37:43","modified_gmt":"2016-05-16T18:37:43","slug":"masque-joyeux-anniversaire-1","status":"publish","type":"product","link":"https:\/\/www.galerie-scrapbooking.com\/en\/produit\/masque-joyeux-anniversaire-1\/","title":{"rendered":"Masque Joyeux Anniversaire"},"content":{"rendered":"<p>Masque &#8211; Stencil &#8211; Pochoir de Doodey<\/p>\n<p>Parfaits pour utiliser avec le Glimmer Mist, p\u00e2te \u00e0 embosser ou tout autre m\u00e9dium, pour vos cartes de scrapbooking <\/p>\n<p><p>Grandeur: 6.0 X 6.0 pouces &#8211; 15 x 15 cm.<\/p>\n<p>\n","protected":false},"excerpt":{"rendered":"<p>Doodey Stencil 6&#8243; x 6&#8243;<\/p>\n","protected":false},"featured_media":3751,"template":"","meta":{"_acf_changed":false},"product_brand":[],"product_cat":[246,105],"product_tag":[],"class_list":{"0":"post-3750","1":"product","2":"type-product","3":"status-publish","4":"has-post-thumbnail","6":"product_cat-masques-scrapbooking-autres","7":"product_cat-masques-scrapbooking","8":"pa_brand_nc-doodey","10":"first","11":"instock","12":"taxable","13":"shipping-taxable","14":"purchasable","15":"product-type-simple"},"acf":[],"aioseo_notices":[],"_links":{"self":[{"href":"https:\/\/www.galerie-scrapbooking.com\/en\/wp-json\/wp\/v2\/product\/3750","targetHints":{"allow":["GET"]}}],"collection":[{"href":"https:\/\/www.galerie-scrapbooking.com\/en\/wp-json\/wp\/v2\/product"}],"about":[{"href":"https:\/\/www.galerie-scrapbooking.com\/en\/wp-json\/wp\/v2\/types\/product"}],"wp:featuredmedia":[{"embeddable":true,"href":"https:\/\/www.galerie-scrapbooking.com\/en\/wp-json\/wp\/v2\/media\/3751"}],"wp:attachment":[{"href":"https:\/\/www.galerie-scrapbooking.com\/en\/wp-json\/wp\/v2\/media?parent=3750"}],"wp:term":[{"taxonomy":"product_brand","embeddable":true,"href":"https:\/\/www.galerie-scrapbooking.com\/en\/wp-json\/wp\/v2\/product_brand?post=3750"},{"taxonomy":"product_cat","embeddable":true,"href":"https:\/\/www.galerie-scrapbooking.com\/en\/wp-json\/wp\/v2\/product_cat?post=3750"},{"taxonomy":"product_tag","embeddable":true,"href":"https:\/\/www.galerie-scrapbooking.com\/en\/wp-json\/wp\/v2\/product_tag?post=3750"}],"curies":[{"name":"wp","href":"https:\/\/api.w.org\/{rel}","templated":true}]}}