{"id":37472,"date":"2026-02-19T09:39:12","date_gmt":"2026-02-19T14:39:12","guid":{"rendered":"https:\/\/www.galerie-scrapbooking.com\/?post_type=product&#038;p=37472"},"modified":"2026-03-17T10:39:40","modified_gmt":"2026-03-17T14:39:40","slug":"spellbinders-plaque-dembossage-3d-coeurs","status":"publish","type":"product","link":"https:\/\/www.galerie-scrapbooking.com\/en\/produit\/spellbinders-plaque-dembossage-3d-coeurs\/","title":{"rendered":"Spellbinders Plaque d&#8217;embossage 3D Coeurs"},"content":{"rendered":"<h1>Spellbinders Plaque d&#8217;embossage Coeurs<\/h1>\n<p>La plaque d&#8217;embossage 3D \u00ab C\u0153urs en relief \u00bb mesure 14 x 21,5 cm et pr\u00e9sente un magnifique fond orn\u00e9 de c\u0153urs. Un ajout fabuleux \u00e0 associer aux autres kits de cette collection !<\/p>\n<p>&nbsp;<\/p>\n<p>&nbsp;<\/p>\n","protected":false},"excerpt":{"rendered":"<p>Spellbinders 3D Embossing Folder 5.5&#8243;x8.5&#8243; &#8211; Puffy Hearts<\/p>\n","protected":false},"featured_media":37473,"template":"","meta":{"_acf_changed":false},"product_brand":[],"product_cat":[202,196,252,86,205],"product_tag":[],"class_list":{"0":"post-37472","1":"product","2":"type-product","3":"status-publish","4":"has-post-thumbnail","6":"product_cat-plaques-embossage","7":"product_cat-m-bossabilities-spellbinders-embossage","8":"product_cat-herazz-nouveautes","9":"product_cat-spellbinders","10":"product_cat-embossage-spellbinders","11":"pa_brand_nc-spellbinders","13":"first","14":"instock","15":"featured","16":"taxable","17":"shipping-taxable","18":"purchasable","19":"product-type-simple"},"acf":[],"aioseo_notices":[],"_links":{"self":[{"href":"https:\/\/www.galerie-scrapbooking.com\/en\/wp-json\/wp\/v2\/product\/37472","targetHints":{"allow":["GET"]}}],"collection":[{"href":"https:\/\/www.galerie-scrapbooking.com\/en\/wp-json\/wp\/v2\/product"}],"about":[{"href":"https:\/\/www.galerie-scrapbooking.com\/en\/wp-json\/wp\/v2\/types\/product"}],"wp:featuredmedia":[{"embeddable":true,"href":"https:\/\/www.galerie-scrapbooking.com\/en\/wp-json\/wp\/v2\/media\/37473"}],"wp:attachment":[{"href":"https:\/\/www.galerie-scrapbooking.com\/en\/wp-json\/wp\/v2\/media?parent=37472"}],"wp:term":[{"taxonomy":"product_brand","embeddable":true,"href":"https:\/\/www.galerie-scrapbooking.com\/en\/wp-json\/wp\/v2\/product_brand?post=37472"},{"taxonomy":"product_cat","embeddable":true,"href":"https:\/\/www.galerie-scrapbooking.com\/en\/wp-json\/wp\/v2\/product_cat?post=37472"},{"taxonomy":"product_tag","embeddable":true,"href":"https:\/\/www.galerie-scrapbooking.com\/en\/wp-json\/wp\/v2\/product_tag?post=37472"}],"curies":[{"name":"wp","href":"https:\/\/api.w.org\/{rel}","templated":true}]}}