{"id":37467,"date":"2026-02-19T09:39:13","date_gmt":"2026-02-19T14:39:13","guid":{"rendered":"https:\/\/www.galerie-scrapbooking.com\/?post_type=product&#038;p=37467"},"modified":"2026-03-02T17:21:22","modified_gmt":"2026-03-02T22:21:22","slug":"spellbinders-cardstock-8-5x11-floraison","status":"publish","type":"product","link":"https:\/\/www.galerie-scrapbooking.com\/en\/produit\/spellbinders-cardstock-8-5x11-floraison\/","title":{"rendered":"Spellbinders Cardstock 8.5&#8243;X11&#8243; Floraison"},"content":{"rendered":"<h1>Spellbinders Cardstock 8.5&#8243;X11&#8243; Floraison<\/h1>\n<p>L&#8217;assortiment de papier cartonn\u00e9 Blooms ColorWheel est un paquet de 10 feuilles de papier cartonn\u00e9 de 270 g\/m\u00b2 (100 lb). Ce papier est lisse des deux c\u00f4t\u00e9s et poss\u00e8de un c\u0153ur de couleur unie.<\/p>\n<p>Toute cr\u00e9ation commence par une base de papier cartonn\u00e9 de haute qualit\u00e9 ; n&#8217;oubliez donc pas d&#8217;ajouter ce paquet \u00e0 votre mat\u00e9riel ! Laissez libre cours \u00e0 votre cr\u00e9ativit\u00e9 avec les nuances de cet assortiment inspir\u00e9 des fleurs, qui contient une feuille de chaque couleur : Tutu, Dahlia, Bellini, Corail, Cire d&#8217;abeille, Safran, For\u00eat tropicale, Foug\u00e8re, Orchid\u00e9e et M\u00fbre.<\/p>\n<p>Taille approximative : Dix feuilles de 8,5 x 11 pouces<\/p>\n","protected":false},"excerpt":{"rendered":"<p>Spellbinders ColorWheel Cardstock Assortment 8.5&#8243;X11&#8243; 10\/Pkg- Bloom<\/p>\n","protected":false},"featured_media":37470,"template":"","meta":{"_acf_changed":false},"product_brand":[],"product_cat":[413],"product_tag":[],"class_list":{"0":"post-37467","1":"product","2":"type-product","3":"status-publish","4":"has-post-thumbnail","6":"product_cat-spellbinders-cardstock","7":"pa_brand_nc-spellbinders","9":"first","10":"instock","11":"featured","12":"taxable","13":"shipping-taxable","14":"purchasable","15":"product-type-simple"},"acf":[],"aioseo_notices":[],"_links":{"self":[{"href":"https:\/\/www.galerie-scrapbooking.com\/en\/wp-json\/wp\/v2\/product\/37467","targetHints":{"allow":["GET"]}}],"collection":[{"href":"https:\/\/www.galerie-scrapbooking.com\/en\/wp-json\/wp\/v2\/product"}],"about":[{"href":"https:\/\/www.galerie-scrapbooking.com\/en\/wp-json\/wp\/v2\/types\/product"}],"wp:featuredmedia":[{"embeddable":true,"href":"https:\/\/www.galerie-scrapbooking.com\/en\/wp-json\/wp\/v2\/media\/37470"}],"wp:attachment":[{"href":"https:\/\/www.galerie-scrapbooking.com\/en\/wp-json\/wp\/v2\/media?parent=37467"}],"wp:term":[{"taxonomy":"product_brand","embeddable":true,"href":"https:\/\/www.galerie-scrapbooking.com\/en\/wp-json\/wp\/v2\/product_brand?post=37467"},{"taxonomy":"product_cat","embeddable":true,"href":"https:\/\/www.galerie-scrapbooking.com\/en\/wp-json\/wp\/v2\/product_cat?post=37467"},{"taxonomy":"product_tag","embeddable":true,"href":"https:\/\/www.galerie-scrapbooking.com\/en\/wp-json\/wp\/v2\/product_tag?post=37467"}],"curies":[{"name":"wp","href":"https:\/\/api.w.org\/{rel}","templated":true}]}}