{"id":37450,"date":"2026-02-12T09:22:33","date_gmt":"2026-02-12T14:22:33","guid":{"rendered":"https:\/\/www.galerie-scrapbooking.com\/?post_type=product&#038;p=37450"},"modified":"2026-04-20T17:32:57","modified_gmt":"2026-04-20T21:32:57","slug":"lavinia-etampe-cosses-flamme-stellaire-multiples","status":"publish","type":"product","link":"https:\/\/www.galerie-scrapbooking.com\/en\/produit\/lavinia-etampe-cosses-flamme-stellaire-multiples\/","title":{"rendered":"Lavinia \u00c9tampe Cosses Flamme Stellaire multiples"},"content":{"rendered":"<h1>Lavinia \u00c9tampe Cosses Flamme Stellaire multiples<\/h1>\n<p>\u00c9tampe unique repr\u00e9sentant une canop\u00e9e de gousses suspendues, entour\u00e9e de frondes entrelac\u00e9es et de sph\u00e8res. Une \u00e9tampe id\u00e9ale pour ajouter un \u00e9l\u00e9ment de cadrage sup\u00e9rieur \u00e0 une composition, attirant le regard vers le bas et l&#8217;int\u00e9rieur de la sc\u00e8ne..<\/p>\n<p>N\u00e9cessite l&#8217;utilisation d&#8217;un bloc acrylique.<\/p>\n<p>Dimension approximative:<\/p>\n<p>5.0 x 8.5 cm<\/p>\n","protected":false},"excerpt":{"rendered":"<p>Lavinia Stamp &#8211; Starflare Pods<\/p>\n","protected":false},"featured_media":37431,"template":"","meta":{"_acf_changed":false},"product_brand":[],"product_cat":[423,342,424,252],"product_tag":[],"class_list":{"0":"post-37450","1":"product","2":"type-product","3":"status-publish","4":"has-post-thumbnail","6":"product_cat-fleurs-feuillage","7":"product_cat-etampes-lavinia","8":"product_cat-mystique-zen","9":"product_cat-herazz-nouveautes","10":"pa_brand_nc-lavinia","12":"first","13":"instock","14":"featured","15":"taxable","16":"shipping-taxable","17":"purchasable","18":"product-type-simple"},"acf":[],"aioseo_notices":[],"_links":{"self":[{"href":"https:\/\/www.galerie-scrapbooking.com\/en\/wp-json\/wp\/v2\/product\/37450","targetHints":{"allow":["GET"]}}],"collection":[{"href":"https:\/\/www.galerie-scrapbooking.com\/en\/wp-json\/wp\/v2\/product"}],"about":[{"href":"https:\/\/www.galerie-scrapbooking.com\/en\/wp-json\/wp\/v2\/types\/product"}],"wp:featuredmedia":[{"embeddable":true,"href":"https:\/\/www.galerie-scrapbooking.com\/en\/wp-json\/wp\/v2\/media\/37431"}],"wp:attachment":[{"href":"https:\/\/www.galerie-scrapbooking.com\/en\/wp-json\/wp\/v2\/media?parent=37450"}],"wp:term":[{"taxonomy":"product_brand","embeddable":true,"href":"https:\/\/www.galerie-scrapbooking.com\/en\/wp-json\/wp\/v2\/product_brand?post=37450"},{"taxonomy":"product_cat","embeddable":true,"href":"https:\/\/www.galerie-scrapbooking.com\/en\/wp-json\/wp\/v2\/product_cat?post=37450"},{"taxonomy":"product_tag","embeddable":true,"href":"https:\/\/www.galerie-scrapbooking.com\/en\/wp-json\/wp\/v2\/product_tag?post=37450"}],"curies":[{"name":"wp","href":"https:\/\/api.w.org\/{rel}","templated":true}]}}