{"id":37448,"date":"2026-02-12T09:22:34","date_gmt":"2026-02-12T14:22:34","guid":{"rendered":"https:\/\/www.galerie-scrapbooking.com\/?post_type=product&#038;p=37448"},"modified":"2026-04-22T21:04:47","modified_gmt":"2026-04-23T01:04:47","slug":"lavinia-etampe-champignons-a-tete-etoilee","status":"publish","type":"product","link":"https:\/\/www.galerie-scrapbooking.com\/en\/produit\/lavinia-etampe-champignons-a-tete-etoilee\/","title":{"rendered":"Lavinia \u00c9tampe Champignons \u00e0 t\u00eate \u00e9toil\u00e9e"},"content":{"rendered":"<h1>Lavinia \u00c9tampe Champignons \u00e0 t\u00eate \u00e9toil\u00e9e<\/h1>\n<p>Une seule \u00e9tampe repr\u00e9sentant une imposante grappe de petits champignons.<\/p>\n<p>Un \u00e9l\u00e9ment mystique id\u00e9al pour une sc\u00e8ne de for\u00eat.<\/p>\n<p>Apr\u00e8s l&#8217;\u00e9tampage, pourquoi ne pas colorier les chapeaux des champignons avec un feutre pinceau ou les faire scintiller avec des paillettes ?<\/p>\n<p>Dimension approximative:<\/p>\n<p>3.45 cm x 6.7 cm<\/p>\n","protected":false},"excerpt":{"rendered":"<p>Lavinia Stamp &#8211; Starcap Mushrooms<\/p>\n","protected":false},"featured_media":37427,"template":"","meta":{"_acf_changed":false},"product_brand":[],"product_cat":[423,342,252],"product_tag":[],"class_list":{"0":"post-37448","1":"product","2":"type-product","3":"status-publish","4":"has-post-thumbnail","6":"product_cat-fleurs-feuillage","7":"product_cat-etampes-lavinia","8":"product_cat-herazz-nouveautes","9":"pa_brand_nc-lavinia","11":"first","12":"instock","13":"featured","14":"taxable","15":"shipping-taxable","16":"purchasable","17":"product-type-simple"},"acf":[],"aioseo_notices":[],"_links":{"self":[{"href":"https:\/\/www.galerie-scrapbooking.com\/en\/wp-json\/wp\/v2\/product\/37448","targetHints":{"allow":["GET"]}}],"collection":[{"href":"https:\/\/www.galerie-scrapbooking.com\/en\/wp-json\/wp\/v2\/product"}],"about":[{"href":"https:\/\/www.galerie-scrapbooking.com\/en\/wp-json\/wp\/v2\/types\/product"}],"wp:featuredmedia":[{"embeddable":true,"href":"https:\/\/www.galerie-scrapbooking.com\/en\/wp-json\/wp\/v2\/media\/37427"}],"wp:attachment":[{"href":"https:\/\/www.galerie-scrapbooking.com\/en\/wp-json\/wp\/v2\/media?parent=37448"}],"wp:term":[{"taxonomy":"product_brand","embeddable":true,"href":"https:\/\/www.galerie-scrapbooking.com\/en\/wp-json\/wp\/v2\/product_brand?post=37448"},{"taxonomy":"product_cat","embeddable":true,"href":"https:\/\/www.galerie-scrapbooking.com\/en\/wp-json\/wp\/v2\/product_cat?post=37448"},{"taxonomy":"product_tag","embeddable":true,"href":"https:\/\/www.galerie-scrapbooking.com\/en\/wp-json\/wp\/v2\/product_tag?post=37448"}],"curies":[{"name":"wp","href":"https:\/\/api.w.org\/{rel}","templated":true}]}}