{"id":37447,"date":"2026-02-12T09:22:34","date_gmt":"2026-02-12T14:22:34","guid":{"rendered":"https:\/\/www.galerie-scrapbooking.com\/?post_type=product&#038;p=37447"},"modified":"2026-04-22T21:04:47","modified_gmt":"2026-04-23T01:04:47","slug":"lavinia-etampe-saule-chantant-gauche","status":"publish","type":"product","link":"https:\/\/www.galerie-scrapbooking.com\/en\/produit\/lavinia-etampe-saule-chantant-gauche\/","title":{"rendered":"Lavinia \u00c9tampe Saule chantant gauche"},"content":{"rendered":"<h1>Lavinia \u00c9tampe Saule chantant gauche<\/h1>\n<p>Une \u00e9tampe unique repr\u00e9sentant un arbre mystique, parsem\u00e9 de feuillage sph\u00e9rique.<\/p>\n<p>Parfait lorsqu&#8217;il est tamponn\u00e9 avec l&#8217;\u00e9tampe Saule chantant droite, il est id\u00e9al pour encadrer un \u00e9l\u00e9ment central ou pour \u00eatre combin\u00e9 avec d&#8217;autres \u00e9tampes afin de former un magnifique arbre.<\/p>\n<p>Dimension approximative:<\/p>\n<p><span lang=\"EN-US\">2.4 cm x 11.3 cm<\/span><\/p>\n","protected":false},"excerpt":{"rendered":"<p>Lavinia Stamp &#8211; Silversong Willow Left<\/p>\n","protected":false},"featured_media":37423,"template":"","meta":{"_acf_changed":false},"product_brand":[],"product_cat":[420,342,252],"product_tag":[],"class_list":{"0":"post-37447","1":"product","2":"type-product","3":"status-publish","4":"has-post-thumbnail","6":"product_cat-arbre-paysage","7":"product_cat-etampes-lavinia","8":"product_cat-herazz-nouveautes","9":"pa_brand_nc-lavinia","11":"first","12":"instock","13":"featured","14":"taxable","15":"shipping-taxable","16":"purchasable","17":"product-type-simple"},"acf":[],"aioseo_notices":[],"_links":{"self":[{"href":"https:\/\/www.galerie-scrapbooking.com\/en\/wp-json\/wp\/v2\/product\/37447","targetHints":{"allow":["GET"]}}],"collection":[{"href":"https:\/\/www.galerie-scrapbooking.com\/en\/wp-json\/wp\/v2\/product"}],"about":[{"href":"https:\/\/www.galerie-scrapbooking.com\/en\/wp-json\/wp\/v2\/types\/product"}],"wp:featuredmedia":[{"embeddable":true,"href":"https:\/\/www.galerie-scrapbooking.com\/en\/wp-json\/wp\/v2\/media\/37423"}],"wp:attachment":[{"href":"https:\/\/www.galerie-scrapbooking.com\/en\/wp-json\/wp\/v2\/media?parent=37447"}],"wp:term":[{"taxonomy":"product_brand","embeddable":true,"href":"https:\/\/www.galerie-scrapbooking.com\/en\/wp-json\/wp\/v2\/product_brand?post=37447"},{"taxonomy":"product_cat","embeddable":true,"href":"https:\/\/www.galerie-scrapbooking.com\/en\/wp-json\/wp\/v2\/product_cat?post=37447"},{"taxonomy":"product_tag","embeddable":true,"href":"https:\/\/www.galerie-scrapbooking.com\/en\/wp-json\/wp\/v2\/product_tag?post=37447"}],"curies":[{"name":"wp","href":"https:\/\/api.w.org\/{rel}","templated":true}]}}