{"id":37445,"date":"2026-02-12T09:22:34","date_gmt":"2026-02-12T14:22:34","guid":{"rendered":"https:\/\/www.galerie-scrapbooking.com\/?post_type=product&#038;p=37445"},"modified":"2026-04-22T21:04:47","modified_gmt":"2026-04-23T01:04:47","slug":"lavinia-etampe-oscar-la-tortue","status":"publish","type":"product","link":"https:\/\/www.galerie-scrapbooking.com\/en\/produit\/lavinia-etampe-oscar-la-tortue\/","title":{"rendered":"Lavinia \u00c9tampe Oscar la Tortue"},"content":{"rendered":"<h1>Lavinia \u00c9tampe Oscar la Tortue<\/h1>\n<p>Une \u00e9tampe unique repr\u00e9sentant une tortue nomm\u00e9e Oscar.<\/p>\n<p>Cette \u00e9tampe adorable, v\u00e9ritable pi\u00e8ce ma\u00eetresse de vos cr\u00e9ations, regorge de d\u00e9tails incroyables. Oscar, la tortue, offre une multitude de possibilit\u00e9s narratives lorsqu&#8217;il est int\u00e9gr\u00e9 \u00e0 des sc\u00e8nes avec d&#8217;autres cr\u00e9atures et personnages.<\/p>\n<p>Dimension approximative:<\/p>\n<p>8.5 cm x 5 cm<\/p>\n<p>&nbsp;<\/p>\n","protected":false},"excerpt":{"rendered":"<p>Lavinia Stamp &#8211; Oscar<\/p>\n","protected":false},"featured_media":37417,"template":"","meta":{"_acf_changed":false},"product_brand":[],"product_cat":[421,342,252],"product_tag":[],"class_list":{"0":"post-37445","1":"product","2":"type-product","3":"status-publish","4":"has-post-thumbnail","6":"product_cat-animaux-insectes","7":"product_cat-etampes-lavinia","8":"product_cat-herazz-nouveautes","9":"pa_brand_nc-lavinia","11":"first","12":"instock","13":"featured","14":"taxable","15":"shipping-taxable","16":"purchasable","17":"product-type-simple"},"acf":[],"aioseo_notices":[],"_links":{"self":[{"href":"https:\/\/www.galerie-scrapbooking.com\/en\/wp-json\/wp\/v2\/product\/37445","targetHints":{"allow":["GET"]}}],"collection":[{"href":"https:\/\/www.galerie-scrapbooking.com\/en\/wp-json\/wp\/v2\/product"}],"about":[{"href":"https:\/\/www.galerie-scrapbooking.com\/en\/wp-json\/wp\/v2\/types\/product"}],"wp:featuredmedia":[{"embeddable":true,"href":"https:\/\/www.galerie-scrapbooking.com\/en\/wp-json\/wp\/v2\/media\/37417"}],"wp:attachment":[{"href":"https:\/\/www.galerie-scrapbooking.com\/en\/wp-json\/wp\/v2\/media?parent=37445"}],"wp:term":[{"taxonomy":"product_brand","embeddable":true,"href":"https:\/\/www.galerie-scrapbooking.com\/en\/wp-json\/wp\/v2\/product_brand?post=37445"},{"taxonomy":"product_cat","embeddable":true,"href":"https:\/\/www.galerie-scrapbooking.com\/en\/wp-json\/wp\/v2\/product_cat?post=37445"},{"taxonomy":"product_tag","embeddable":true,"href":"https:\/\/www.galerie-scrapbooking.com\/en\/wp-json\/wp\/v2\/product_tag?post=37445"}],"curies":[{"name":"wp","href":"https:\/\/api.w.org\/{rel}","templated":true}]}}