{"id":37438,"date":"2026-02-12T09:22:34","date_gmt":"2026-02-12T14:22:34","guid":{"rendered":"https:\/\/www.galerie-scrapbooking.com\/?post_type=product&#038;p=37438"},"modified":"2026-02-14T09:05:52","modified_gmt":"2026-02-14T14:05:52","slug":"lavinia-etampe-gousses-dombre","status":"publish","type":"product","link":"https:\/\/www.galerie-scrapbooking.com\/en\/produit\/lavinia-etampe-gousses-dombre\/","title":{"rendered":"Lavinia \u00c9tampe Gousses d&#8217;ombre"},"content":{"rendered":"<h1>Lavinia \u00c9tampe Gousses d&#8217;ombre<\/h1>\n<p>Un ensemble de trois \u00e9tampes repr\u00e9sentant des capsules de graines ferm\u00e9es et fines, \u00e0 longues tiges, chacune pr\u00e9sentant des proportions et des caract\u00e9ristiques l\u00e9g\u00e8rement diff\u00e9rentes pour un rendu naturel.<\/p>\n<p>Id\u00e9al pour cr\u00e9er de la profondeur dans n&#8217;importe quelle sc\u00e8ne.<\/p>\n<p>N\u00e9cessite l&#8217;utilisation d&#8217;un bloc acrylique.<\/p>\n<p>Dimension approximative:<\/p>\n<p>1 cm x 12 cm &#8211; 0.8 cm x 10 cm &#8211; 0.8 cm x 8.6 cm<\/p>\n","protected":false},"excerpt":{"rendered":"<p>Lavinia Stamp &#8211; Shadow Pods<\/p>\n","protected":false},"featured_media":37439,"template":"","meta":{"_acf_changed":false},"product_brand":[],"product_cat":[420,423,342,252],"product_tag":[],"class_list":{"0":"post-37438","1":"product","2":"type-product","3":"status-publish","4":"has-post-thumbnail","6":"product_cat-arbre-paysage","7":"product_cat-fleurs-feuillage","8":"product_cat-etampes-lavinia","9":"product_cat-herazz-nouveautes","10":"pa_brand_nc-lavinia","12":"first","13":"instock","14":"featured","15":"taxable","16":"shipping-taxable","17":"purchasable","18":"product-type-simple"},"acf":[],"aioseo_notices":[],"_links":{"self":[{"href":"https:\/\/www.galerie-scrapbooking.com\/en\/wp-json\/wp\/v2\/product\/37438","targetHints":{"allow":["GET"]}}],"collection":[{"href":"https:\/\/www.galerie-scrapbooking.com\/en\/wp-json\/wp\/v2\/product"}],"about":[{"href":"https:\/\/www.galerie-scrapbooking.com\/en\/wp-json\/wp\/v2\/types\/product"}],"wp:featuredmedia":[{"embeddable":true,"href":"https:\/\/www.galerie-scrapbooking.com\/en\/wp-json\/wp\/v2\/media\/37439"}],"wp:attachment":[{"href":"https:\/\/www.galerie-scrapbooking.com\/en\/wp-json\/wp\/v2\/media?parent=37438"}],"wp:term":[{"taxonomy":"product_brand","embeddable":true,"href":"https:\/\/www.galerie-scrapbooking.com\/en\/wp-json\/wp\/v2\/product_brand?post=37438"},{"taxonomy":"product_cat","embeddable":true,"href":"https:\/\/www.galerie-scrapbooking.com\/en\/wp-json\/wp\/v2\/product_cat?post=37438"},{"taxonomy":"product_tag","embeddable":true,"href":"https:\/\/www.galerie-scrapbooking.com\/en\/wp-json\/wp\/v2\/product_tag?post=37438"}],"curies":[{"name":"wp","href":"https:\/\/api.w.org\/{rel}","templated":true}]}}