{"id":37318,"date":"2026-01-22T10:25:30","date_gmt":"2026-01-22T15:25:30","guid":{"rendered":"https:\/\/www.galerie-scrapbooking.com\/?post_type=product&#038;p=37318"},"modified":"2026-04-20T15:00:47","modified_gmt":"2026-04-20T19:00:47","slug":"dress-my-craft-transparent-spinners","status":"publish","type":"product","link":"https:\/\/www.galerie-scrapbooking.com\/en\/produit\/dress-my-craft-transparent-spinners\/","title":{"rendered":"Dress My Craft Transparent Spinners"},"content":{"rendered":"<h1>Dress My Craft Transparent Spinners<\/h1>\n<p>* Spinners un outil de mouvement qui ajoute un \u00e9l\u00e9ment amusant et interactif \u00e0 tous vos projets d&#8217;artisanat!<\/p>\n<p>* Ces petites filatures sont con\u00e7ues pour apporter du mouvement \u00e0 vos cr\u00e9ations, ce qui les rend parfaits pour une grande vari\u00e9t\u00e9 de projets.<\/p>\n<p>* Que vous fabriquiez des cartes de v\u0153ux tournantes, des scrapbooks dynamiques, des mises en page ou des coffrets cadeaux interactifs, ces spinners vous permettront de cr\u00e9er du mouvement et d\u2019ajouter un \u00e9l\u00e9ment de surprise.<\/p>\n<p>Paquet de 12 spinners<\/p>\n<p>Vid\u00e9o de d\u00e9monstration:<br \/>\n<iframe loading=\"lazy\" title=\"YouTube video player\" src=\"https:\/\/www.youtube.com\/embed\/m8Frltxcil8?si=MqTML-DR38FSzE6B\" width=\"560\" height=\"315\" frameborder=\"0\" allowfullscreen=\"allowfullscreen\"><\/iframe><\/p>\n","protected":false},"excerpt":{"rendered":"<p>Dress My Craft Transparent Spinners<\/p>\n","protected":false},"featured_media":37314,"template":"","meta":{"_acf_changed":false},"product_brand":[],"product_cat":[132,252],"product_tag":[],"class_list":{"0":"post-37318","1":"product","2":"type-product","3":"status-publish","4":"has-post-thumbnail","6":"product_cat-outils-accessoires-autres","7":"product_cat-herazz-nouveautes","8":"pa_brand_nc-dress-my-crafts","10":"first","11":"instock","12":"featured","13":"taxable","14":"shipping-taxable","15":"purchasable","16":"product-type-simple"},"acf":[],"aioseo_notices":[],"_links":{"self":[{"href":"https:\/\/www.galerie-scrapbooking.com\/en\/wp-json\/wp\/v2\/product\/37318","targetHints":{"allow":["GET"]}}],"collection":[{"href":"https:\/\/www.galerie-scrapbooking.com\/en\/wp-json\/wp\/v2\/product"}],"about":[{"href":"https:\/\/www.galerie-scrapbooking.com\/en\/wp-json\/wp\/v2\/types\/product"}],"wp:featuredmedia":[{"embeddable":true,"href":"https:\/\/www.galerie-scrapbooking.com\/en\/wp-json\/wp\/v2\/media\/37314"}],"wp:attachment":[{"href":"https:\/\/www.galerie-scrapbooking.com\/en\/wp-json\/wp\/v2\/media?parent=37318"}],"wp:term":[{"taxonomy":"product_brand","embeddable":true,"href":"https:\/\/www.galerie-scrapbooking.com\/en\/wp-json\/wp\/v2\/product_brand?post=37318"},{"taxonomy":"product_cat","embeddable":true,"href":"https:\/\/www.galerie-scrapbooking.com\/en\/wp-json\/wp\/v2\/product_cat?post=37318"},{"taxonomy":"product_tag","embeddable":true,"href":"https:\/\/www.galerie-scrapbooking.com\/en\/wp-json\/wp\/v2\/product_tag?post=37318"}],"curies":[{"name":"wp","href":"https:\/\/api.w.org\/{rel}","templated":true}]}}