{"id":37309,"date":"2026-01-22T10:25:30","date_gmt":"2026-01-22T15:25:30","guid":{"rendered":"https:\/\/www.galerie-scrapbooking.com\/?post_type=product&#038;p=37309"},"modified":"2026-03-02T17:21:22","modified_gmt":"2026-03-02T22:21:22","slug":"dress-my-craft-nano-spinners","status":"publish","type":"product","link":"https:\/\/www.galerie-scrapbooking.com\/en\/produit\/dress-my-craft-nano-spinners\/","title":{"rendered":"Dress My Craft Nano Spinners"},"content":{"rendered":"<h1>Dress My Craft Nano Spinners<\/h1>\n<p>Ce Nano Spinner minuscule mais puissant est con\u00e7u pour \u00e9lever vos cr\u00e9ations, que vous travailliez sur des cartes tournantes, des bo\u00eetes interactives, des mises en page de scrapbooking ou m\u00eame des accessoires personnalis\u00e9s comme des tasses, des bagues, des bandes de cheveux et des boucles d&#8217;oreilles, ces spinners feront passer vos cr\u00e9ations au niveau sup\u00e9rieur.<\/p>\n<p>Paquet de 6 nano spinners<\/p>\n<p>Vid\u00e9o de d\u00e9monstration:<br \/>\n<iframe loading=\"lazy\" title=\"YouTube video player\" src=\"https:\/\/www.youtube.com\/embed\/m8Frltxcil8?si=MqTML-DR38FSzE6B\" width=\"560\" height=\"315\" frameborder=\"0\" allowfullscreen=\"allowfullscreen\"><\/iframe><\/p>\n","protected":false},"excerpt":{"rendered":"<p>Dress My Craft Nano Spinners<\/p>\n","protected":false},"featured_media":37310,"template":"","meta":{"_acf_changed":false},"product_brand":[],"product_cat":[132,252],"product_tag":[],"class_list":{"0":"post-37309","1":"product","2":"type-product","3":"status-publish","4":"has-post-thumbnail","6":"product_cat-outils-accessoires-autres","7":"product_cat-herazz-nouveautes","8":"pa_brand_nc-dress-my-crafts","10":"first","11":"instock","12":"featured","13":"taxable","14":"shipping-taxable","15":"purchasable","16":"product-type-simple"},"acf":[],"aioseo_notices":[],"_links":{"self":[{"href":"https:\/\/www.galerie-scrapbooking.com\/en\/wp-json\/wp\/v2\/product\/37309","targetHints":{"allow":["GET"]}}],"collection":[{"href":"https:\/\/www.galerie-scrapbooking.com\/en\/wp-json\/wp\/v2\/product"}],"about":[{"href":"https:\/\/www.galerie-scrapbooking.com\/en\/wp-json\/wp\/v2\/types\/product"}],"wp:featuredmedia":[{"embeddable":true,"href":"https:\/\/www.galerie-scrapbooking.com\/en\/wp-json\/wp\/v2\/media\/37310"}],"wp:attachment":[{"href":"https:\/\/www.galerie-scrapbooking.com\/en\/wp-json\/wp\/v2\/media?parent=37309"}],"wp:term":[{"taxonomy":"product_brand","embeddable":true,"href":"https:\/\/www.galerie-scrapbooking.com\/en\/wp-json\/wp\/v2\/product_brand?post=37309"},{"taxonomy":"product_cat","embeddable":true,"href":"https:\/\/www.galerie-scrapbooking.com\/en\/wp-json\/wp\/v2\/product_cat?post=37309"},{"taxonomy":"product_tag","embeddable":true,"href":"https:\/\/www.galerie-scrapbooking.com\/en\/wp-json\/wp\/v2\/product_tag?post=37309"}],"curies":[{"name":"wp","href":"https:\/\/api.w.org\/{rel}","templated":true}]}}