{"id":37304,"date":"2026-01-22T10:25:30","date_gmt":"2026-01-22T15:25:30","guid":{"rendered":"https:\/\/www.galerie-scrapbooking.com\/?post_type=product&#038;p=37304"},"modified":"2026-04-20T14:46:11","modified_gmt":"2026-04-20T18:46:11","slug":"cosmic-shimmer-liquide-masquant","status":"publish","type":"product","link":"https:\/\/www.galerie-scrapbooking.com\/en\/produit\/cosmic-shimmer-liquide-masquant\/","title":{"rendered":"Cosmic Shimmer Liquide masquant"},"content":{"rendered":"<h1>Cosmic Shimmer Liquide masquant<\/h1>\n<p>Ce liquide est utilis\u00e9 pour pr\u00e9server les zones blanches sur vos projets en cr\u00e9ant un masque qui peut \u00eatre color\u00e9 par l&#8217;encre ou la peinture.<\/p>\n<p>Une fois que votre conception est compl\u00e8tement s\u00e8che, le liquide de masquage peut \u00eatre frott\u00e9 doucement avec votre doigt pour r\u00e9v\u00e9ler la zone masqu\u00e9e.<\/p>\n<p>Fonctionne parfaitement pour masquer les \u00e9tampes, ou cr\u00e9er des arri\u00e8re-plans int\u00e9ressants en utilisant des techniques \u00e0 main lev\u00e9e ou des stencils.<\/p>\n<p>Contenant de 50ml.<\/p>\n","protected":false},"excerpt":{"rendered":"<p>Grumbacher Miskit Liquid Frisket<\/p>\n","protected":false},"featured_media":37307,"template":"","meta":{"_acf_changed":false},"product_brand":[],"product_cat":[123,132,252],"product_tag":[],"class_list":{"0":"post-37304","1":"product","2":"type-product","3":"status-publish","4":"has-post-thumbnail","6":"product_cat-etampe-scrapbooking-accessoires","7":"product_cat-outils-accessoires-autres","8":"product_cat-herazz-nouveautes","9":"pa_brand_nc-cosmic-shimmer","11":"first","12":"instock","13":"featured","14":"taxable","15":"shipping-taxable","16":"purchasable","17":"product-type-simple"},"acf":[],"aioseo_notices":[],"_links":{"self":[{"href":"https:\/\/www.galerie-scrapbooking.com\/en\/wp-json\/wp\/v2\/product\/37304","targetHints":{"allow":["GET"]}}],"collection":[{"href":"https:\/\/www.galerie-scrapbooking.com\/en\/wp-json\/wp\/v2\/product"}],"about":[{"href":"https:\/\/www.galerie-scrapbooking.com\/en\/wp-json\/wp\/v2\/types\/product"}],"wp:featuredmedia":[{"embeddable":true,"href":"https:\/\/www.galerie-scrapbooking.com\/en\/wp-json\/wp\/v2\/media\/37307"}],"wp:attachment":[{"href":"https:\/\/www.galerie-scrapbooking.com\/en\/wp-json\/wp\/v2\/media?parent=37304"}],"wp:term":[{"taxonomy":"product_brand","embeddable":true,"href":"https:\/\/www.galerie-scrapbooking.com\/en\/wp-json\/wp\/v2\/product_brand?post=37304"},{"taxonomy":"product_cat","embeddable":true,"href":"https:\/\/www.galerie-scrapbooking.com\/en\/wp-json\/wp\/v2\/product_cat?post=37304"},{"taxonomy":"product_tag","embeddable":true,"href":"https:\/\/www.galerie-scrapbooking.com\/en\/wp-json\/wp\/v2\/product_tag?post=37304"}],"curies":[{"name":"wp","href":"https:\/\/api.w.org\/{rel}","templated":true}]}}