{"id":37106,"date":"2025-12-18T09:53:44","date_gmt":"2025-12-18T14:53:44","guid":{"rendered":"https:\/\/www.galerie-scrapbooking.com\/?post_type=product&#038;p=37106"},"modified":"2026-04-30T09:53:09","modified_gmt":"2026-04-30T13:53:09","slug":"tim-holtz-masques-superposes-lunes-6","status":"publish","type":"product","link":"https:\/\/www.galerie-scrapbooking.com\/en\/produit\/tim-holtz-masques-superposes-lunes-6\/","title":{"rendered":"Tim Holtz Masques superpos\u00e9s Lunes (6)"},"content":{"rendered":"<h1>Tim Holtz Masques superpos\u00e9s Lunes<\/h1>\n<p>Ce superbe ensemble comprend 6 pochoirs de masquage.<\/p>\n<p>Cr\u00e9ez trois lunes de tailles diff\u00e9rentes avec des d\u00e9tails incroyables !<\/p>\n<p>Dimensions approximatives :<\/p>\n<p>Grande lune : 9,5 x 9,5 cm<\/p>\n<p>Lune moyenne : 7,6 x 7,6 cm<\/p>\n<p>Petite lune : 5,7 x 5,7 cm.<\/p>\n","protected":false},"excerpt":{"rendered":"<p>Tim Holtz Layering Mask Set 6\/Pkg &#8211; Moon<\/p>\n","protected":false},"featured_media":37103,"template":"","meta":{"_acf_changed":false},"product_brand":[],"product_cat":[105,252,245],"product_tag":[],"class_list":{"0":"post-37106","1":"product","2":"type-product","3":"status-publish","4":"has-post-thumbnail","6":"product_cat-masques-scrapbooking","7":"product_cat-herazz-nouveautes","8":"product_cat-stencils-masques-tim-holtz","9":"pa_brand_nc-tim-holtz","11":"first","12":"instock","13":"featured","14":"taxable","15":"shipping-taxable","16":"purchasable","17":"product-type-simple"},"acf":[],"aioseo_notices":[],"_links":{"self":[{"href":"https:\/\/www.galerie-scrapbooking.com\/en\/wp-json\/wp\/v2\/product\/37106","targetHints":{"allow":["GET"]}}],"collection":[{"href":"https:\/\/www.galerie-scrapbooking.com\/en\/wp-json\/wp\/v2\/product"}],"about":[{"href":"https:\/\/www.galerie-scrapbooking.com\/en\/wp-json\/wp\/v2\/types\/product"}],"wp:featuredmedia":[{"embeddable":true,"href":"https:\/\/www.galerie-scrapbooking.com\/en\/wp-json\/wp\/v2\/media\/37103"}],"wp:attachment":[{"href":"https:\/\/www.galerie-scrapbooking.com\/en\/wp-json\/wp\/v2\/media?parent=37106"}],"wp:term":[{"taxonomy":"product_brand","embeddable":true,"href":"https:\/\/www.galerie-scrapbooking.com\/en\/wp-json\/wp\/v2\/product_brand?post=37106"},{"taxonomy":"product_cat","embeddable":true,"href":"https:\/\/www.galerie-scrapbooking.com\/en\/wp-json\/wp\/v2\/product_cat?post=37106"},{"taxonomy":"product_tag","embeddable":true,"href":"https:\/\/www.galerie-scrapbooking.com\/en\/wp-json\/wp\/v2\/product_tag?post=37106"}],"curies":[{"name":"wp","href":"https:\/\/api.w.org\/{rel}","templated":true}]}}