{"id":37105,"date":"2025-12-18T09:53:44","date_gmt":"2025-12-18T14:53:44","guid":{"rendered":"https:\/\/www.galerie-scrapbooking.com\/?post_type=product&#038;p=37105"},"modified":"2026-04-17T16:36:29","modified_gmt":"2026-04-17T20:36:29","slug":"nuvo-crayon-embossage-encre-transparente","status":"publish","type":"product","link":"https:\/\/www.galerie-scrapbooking.com\/en\/produit\/nuvo-crayon-embossage-encre-transparente\/","title":{"rendered":"Nuvo Crayon embossage Encre Transparente"},"content":{"rendered":"<h1>Nuvo Crayon embossage Encre Transparente<\/h1>\n<p>Cr\u00e9ez de magnifiques motifs \u00e0 main lev\u00e9e, qu&#8217;il s&#8217;agisse de filigranes ou de lettrages, mettez en valeur des d\u00e9tails pr\u00e9cis ou corrigez les imperfections de vos images en relief gr\u00e2ce \u00e0 ce stylo \u00e0 embosser transparent Nuvo.<\/p>\n<p>Utilisable avec de la poudre \u00e0 embosser (vendue s\u00e9par\u00e9ment), il permet de r\u00e9aliser de superbes images en relief sur papier cartonn\u00e9, papier et surfaces poreuses. Pour activer le stylo, appuyez sur la pointe et maintenez-la enfonc\u00e9e jusqu&#8217;\u00e0 ce que le liquide la recouvre.<\/p>\n<p>Agitez bien avant chaque utilisation et appliquez sur une surface propre et lisse. Refermez le stylo apr\u00e8s usage pour \u00e9viter que la pointe ne s\u00e8che.<\/p>\n<p>Ce produit contient un stylo \u00e0 embosser transparent.<\/p>\n<p>&nbsp;<\/p>\n","protected":false},"excerpt":{"rendered":"<p>Nuvo Embossing Pen<\/p>\n","protected":false},"featured_media":37093,"template":"","meta":{"_acf_changed":false},"product_brand":[],"product_cat":[306,252],"product_tag":[],"class_list":{"0":"post-37105","1":"product","2":"type-product","3":"status-publish","4":"has-post-thumbnail","6":"product_cat-accessoire-embossage","7":"product_cat-herazz-nouveautes","8":"pa_brand_nc-nuvo","10":"first","11":"instock","12":"featured","13":"taxable","14":"shipping-taxable","15":"purchasable","16":"product-type-simple"},"acf":[],"aioseo_notices":[],"_links":{"self":[{"href":"https:\/\/www.galerie-scrapbooking.com\/en\/wp-json\/wp\/v2\/product\/37105","targetHints":{"allow":["GET"]}}],"collection":[{"href":"https:\/\/www.galerie-scrapbooking.com\/en\/wp-json\/wp\/v2\/product"}],"about":[{"href":"https:\/\/www.galerie-scrapbooking.com\/en\/wp-json\/wp\/v2\/types\/product"}],"wp:featuredmedia":[{"embeddable":true,"href":"https:\/\/www.galerie-scrapbooking.com\/en\/wp-json\/wp\/v2\/media\/37093"}],"wp:attachment":[{"href":"https:\/\/www.galerie-scrapbooking.com\/en\/wp-json\/wp\/v2\/media?parent=37105"}],"wp:term":[{"taxonomy":"product_brand","embeddable":true,"href":"https:\/\/www.galerie-scrapbooking.com\/en\/wp-json\/wp\/v2\/product_brand?post=37105"},{"taxonomy":"product_cat","embeddable":true,"href":"https:\/\/www.galerie-scrapbooking.com\/en\/wp-json\/wp\/v2\/product_cat?post=37105"},{"taxonomy":"product_tag","embeddable":true,"href":"https:\/\/www.galerie-scrapbooking.com\/en\/wp-json\/wp\/v2\/product_tag?post=37105"}],"curies":[{"name":"wp","href":"https:\/\/api.w.org\/{rel}","templated":true}]}}