{"id":37055,"date":"2025-12-11T09:39:04","date_gmt":"2025-12-11T14:39:04","guid":{"rendered":"https:\/\/www.galerie-scrapbooking.com\/?post_type=product&#038;p=37055"},"modified":"2026-02-12T16:24:53","modified_gmt":"2026-02-12T21:24:53","slug":"recharge-encre-lavinia-sundance","status":"publish","type":"product","link":"https:\/\/www.galerie-scrapbooking.com\/en\/produit\/recharge-encre-lavinia-sundance\/","title":{"rendered":"Recharge Encre Lavinia Sundance"},"content":{"rendered":"<h1>Recharge Encre Lavinia Sundance<\/h1>\n<p>Si votre tampon encreur a s\u00e9ch\u00e9 suite \u00e0 une utilisation fr\u00e9quente ou \u00e0 un mauvais stockage, ajoutez simplement quelques gouttes d&#8217;encre de recharge pour lui redonner toute sa brillance et son efficacit\u00e9 d&#8217;origine.<\/p>\n<p>Chaque flacon contient la m\u00eame encre de haute qualit\u00e9 que nos tampons, formul\u00e9e exclusivement pour Lavinia Stamps.<\/p>\n<p>Un seul flacon d&#8217;encre de recharge permet de recharger facilement un tampon encreur deux \u00e0 trois fois, voire plus. Le nombre exact d\u00e9pend du degr\u00e9 de s\u00e9chage du tampon et de la quantit\u00e9 d&#8217;encre appliqu\u00e9e lors de la recharge.<\/p>\n","protected":false},"excerpt":{"rendered":"<p>Elements Re-Inker by Lavinia Stamps &#8211; Sundance<\/p>\n","protected":false},"featured_media":37000,"template":"","meta":{"_acf_changed":false},"product_brand":[],"product_cat":[2265,252],"product_tag":[],"class_list":{"0":"post-37055","1":"product","2":"type-product","3":"status-publish","4":"has-post-thumbnail","6":"product_cat-lavinia-elements-recharge","7":"product_cat-herazz-nouveautes","8":"pa_brand_nc-lavinia","10":"first","11":"instock","12":"featured","13":"taxable","14":"shipping-taxable","15":"purchasable","16":"product-type-simple"},"acf":[],"aioseo_notices":[],"_links":{"self":[{"href":"https:\/\/www.galerie-scrapbooking.com\/en\/wp-json\/wp\/v2\/product\/37055","targetHints":{"allow":["GET"]}}],"collection":[{"href":"https:\/\/www.galerie-scrapbooking.com\/en\/wp-json\/wp\/v2\/product"}],"about":[{"href":"https:\/\/www.galerie-scrapbooking.com\/en\/wp-json\/wp\/v2\/types\/product"}],"wp:featuredmedia":[{"embeddable":true,"href":"https:\/\/www.galerie-scrapbooking.com\/en\/wp-json\/wp\/v2\/media\/37000"}],"wp:attachment":[{"href":"https:\/\/www.galerie-scrapbooking.com\/en\/wp-json\/wp\/v2\/media?parent=37055"}],"wp:term":[{"taxonomy":"product_brand","embeddable":true,"href":"https:\/\/www.galerie-scrapbooking.com\/en\/wp-json\/wp\/v2\/product_brand?post=37055"},{"taxonomy":"product_cat","embeddable":true,"href":"https:\/\/www.galerie-scrapbooking.com\/en\/wp-json\/wp\/v2\/product_cat?post=37055"},{"taxonomy":"product_tag","embeddable":true,"href":"https:\/\/www.galerie-scrapbooking.com\/en\/wp-json\/wp\/v2\/product_tag?post=37055"}],"curies":[{"name":"wp","href":"https:\/\/api.w.org\/{rel}","templated":true}]}}