{"id":36884,"date":"2025-11-27T08:27:28","date_gmt":"2025-11-27T13:27:28","guid":{"rendered":"https:\/\/www.galerie-scrapbooking.com\/?post_type=product&#038;p=36884"},"modified":"2026-04-20T21:12:16","modified_gmt":"2026-04-21T01:12:16","slug":"lavivia-ensemble-8-x-8-la-foret-enchantee","status":"publish","type":"product","link":"https:\/\/www.galerie-scrapbooking.com\/en\/produit\/lavivia-ensemble-8-x-8-la-foret-enchantee\/","title":{"rendered":"Lavivia Ensemble 8&#8243; x 8&#8243; La For\u00eat Enchant\u00e9e"},"content":{"rendered":"<h1>Lavivia Ensemble 8&#8243; x 8&#8243; La For\u00eat Enchant\u00e9e<\/h1>\n<p>Papiers de fond imprim\u00e9s aux motifs organiques Lavinia, riches en textures et motifs entrelac\u00e9s.<\/p>\n<p>Nos papiers Dreamscape sont disponibles en carnets de trente cartes recto-verso de 20 x 20 cm, d\u00e9clin\u00e9es en dix motifs uniques.<\/p>\n<p>Parfaits pour le scrapbooking, les cartes de v\u0153ux, le d\u00e9coupage et les projets de loisirs cr\u00e9atifs multim\u00e9dias.<\/p>\n","protected":false},"excerpt":{"rendered":"<p>Lavinia Dreamscape Papers. The Enchanted Forest Collection<\/p>\n","protected":false},"featured_media":36879,"template":"","meta":{"_acf_changed":false},"product_brand":[],"product_cat":[410,342,252],"product_tag":[],"class_list":{"0":"post-36884","1":"product","2":"type-product","3":"status-publish","4":"has-post-thumbnail","6":"product_cat-papiers-scrapbooking-8x8","7":"product_cat-etampes-lavinia","8":"product_cat-herazz-nouveautes","9":"pa_brand_nc-lavinia","11":"first","12":"instock","13":"featured","14":"taxable","15":"shipping-taxable","16":"purchasable","17":"product-type-simple"},"acf":[],"aioseo_notices":[],"_links":{"self":[{"href":"https:\/\/www.galerie-scrapbooking.com\/en\/wp-json\/wp\/v2\/product\/36884","targetHints":{"allow":["GET"]}}],"collection":[{"href":"https:\/\/www.galerie-scrapbooking.com\/en\/wp-json\/wp\/v2\/product"}],"about":[{"href":"https:\/\/www.galerie-scrapbooking.com\/en\/wp-json\/wp\/v2\/types\/product"}],"wp:featuredmedia":[{"embeddable":true,"href":"https:\/\/www.galerie-scrapbooking.com\/en\/wp-json\/wp\/v2\/media\/36879"}],"wp:attachment":[{"href":"https:\/\/www.galerie-scrapbooking.com\/en\/wp-json\/wp\/v2\/media?parent=36884"}],"wp:term":[{"taxonomy":"product_brand","embeddable":true,"href":"https:\/\/www.galerie-scrapbooking.com\/en\/wp-json\/wp\/v2\/product_brand?post=36884"},{"taxonomy":"product_cat","embeddable":true,"href":"https:\/\/www.galerie-scrapbooking.com\/en\/wp-json\/wp\/v2\/product_cat?post=36884"},{"taxonomy":"product_tag","embeddable":true,"href":"https:\/\/www.galerie-scrapbooking.com\/en\/wp-json\/wp\/v2\/product_tag?post=36884"}],"curies":[{"name":"wp","href":"https:\/\/api.w.org\/{rel}","templated":true}]}}