{"id":36874,"date":"2025-11-27T08:27:29","date_gmt":"2025-11-27T13:27:29","guid":{"rendered":"https:\/\/www.galerie-scrapbooking.com\/?post_type=product&#038;p=36874"},"modified":"2026-04-23T09:44:19","modified_gmt":"2026-04-23T13:44:19","slug":"lavinia-etampe-maison-hobblehollow","status":"publish","type":"product","link":"https:\/\/www.galerie-scrapbooking.com\/en\/produit\/lavinia-etampe-maison-hobblehollow\/","title":{"rendered":"Lavinia \u00c9tampe Maison Hobblehollow"},"content":{"rendered":"<h1>Lavinia \u00c9tampe Maison Hobblehollow<\/h1>\n<p>Une \u00e9tampe fantaisiste repr\u00e9sentant une maison \u00e0 l&#8217;int\u00e9rieur d&#8217;une botte.<\/p>\n<p>Qui pourrait bien y vivre ? Une famille de f\u00e9es ? Des souris ? La vieille femme de la comptine folklorique britannique ancestrale ? \u00c0 vous d&#8217;imaginer et de les int\u00e9grer \u00e0 votre sc\u00e8ne magique.<\/p>\n<p>Dimension approximative:<\/p>\n<p><span lang=\"EN-US\">9.0 cm x 6.0 cm<\/span><\/p>\n","protected":false},"excerpt":{"rendered":"<p>Lavinia Stamp &#8211; Hobblehollow House<\/p>\n","protected":false},"featured_media":36875,"template":"","meta":{"_acf_changed":false},"product_brand":[],"product_cat":[420,342,252,2226],"product_tag":[],"class_list":{"0":"post-36874","1":"product","2":"type-product","3":"status-publish","4":"has-post-thumbnail","6":"product_cat-arbre-paysage","7":"product_cat-etampes-lavinia","8":"product_cat-herazz-nouveautes","9":"product_cat-objets","10":"pa_brand_nc-lavinia","12":"first","13":"instock","14":"featured","15":"taxable","16":"shipping-taxable","17":"purchasable","18":"product-type-simple"},"acf":[],"aioseo_notices":[],"_links":{"self":[{"href":"https:\/\/www.galerie-scrapbooking.com\/en\/wp-json\/wp\/v2\/product\/36874","targetHints":{"allow":["GET"]}}],"collection":[{"href":"https:\/\/www.galerie-scrapbooking.com\/en\/wp-json\/wp\/v2\/product"}],"about":[{"href":"https:\/\/www.galerie-scrapbooking.com\/en\/wp-json\/wp\/v2\/types\/product"}],"wp:featuredmedia":[{"embeddable":true,"href":"https:\/\/www.galerie-scrapbooking.com\/en\/wp-json\/wp\/v2\/media\/36875"}],"wp:attachment":[{"href":"https:\/\/www.galerie-scrapbooking.com\/en\/wp-json\/wp\/v2\/media?parent=36874"}],"wp:term":[{"taxonomy":"product_brand","embeddable":true,"href":"https:\/\/www.galerie-scrapbooking.com\/en\/wp-json\/wp\/v2\/product_brand?post=36874"},{"taxonomy":"product_cat","embeddable":true,"href":"https:\/\/www.galerie-scrapbooking.com\/en\/wp-json\/wp\/v2\/product_cat?post=36874"},{"taxonomy":"product_tag","embeddable":true,"href":"https:\/\/www.galerie-scrapbooking.com\/en\/wp-json\/wp\/v2\/product_tag?post=36874"}],"curies":[{"name":"wp","href":"https:\/\/api.w.org\/{rel}","templated":true}]}}