{"id":36813,"date":"2025-11-13T10:28:53","date_gmt":"2025-11-13T15:28:53","guid":{"rendered":"https:\/\/www.galerie-scrapbooking.com\/?post_type=product&#038;p=36813"},"modified":"2026-01-21T15:15:25","modified_gmt":"2026-01-21T20:15:25","slug":"tim-holtz-distress-rock-candy-glitter-chunky","status":"publish","type":"product","link":"https:\/\/www.galerie-scrapbooking.com\/en\/produit\/tim-holtz-distress-rock-candy-glitter-chunky\/","title":{"rendered":"Tim Holtz Distress Rock Candy Glitter Chunky"},"content":{"rendered":"<h1>Tim Holtz Distress Rock Candy Glitter Chunky<\/h1>\n<p>Les paillettes Tim Holtz Distress Rock Candy Glitter sont des paillettes transparentes d&#8217;inspiration vintage qui cr\u00e9ent un \u00e9clat scintillant.<\/p>\n<p>Pour les colorer, versez les paillettes dans un r\u00e9cipient et ajoutez quelques gouttes d&#8217;encre \u00e0 alcool Tim Holtz. M\u00e9langez avec un b\u00e2tonnet jusqu&#8217;\u00e0 obtenir la teinte d\u00e9sir\u00e9e. Laissez s\u00e9cher.<\/p>\n<p>Fixez les paillettes avec le m\u00e9dium Distress Collage Medium, le vernis brillant Ranger Glossy Accents ou d&#8217;autres produits similaires.<\/p>\n<p>&nbsp;<\/p>\n","protected":false},"excerpt":{"rendered":"<p>Tim Holtz Distress Rock Candy Glitter Chunky<\/p>\n","protected":false},"featured_media":36814,"template":"","meta":{"_acf_changed":false},"product_brand":[],"product_cat":[252,206],"product_tag":[],"class_list":{"0":"post-36813","1":"product","2":"type-product","3":"status-publish","4":"has-post-thumbnail","6":"product_cat-herazz-nouveautes","7":"product_cat-stickles-dry-fine-glitter","8":"pa_brand_nc-tim-holtz","10":"first","11":"instock","12":"featured","13":"taxable","14":"shipping-taxable","15":"purchasable","16":"product-type-simple"},"acf":[],"aioseo_notices":[],"_links":{"self":[{"href":"https:\/\/www.galerie-scrapbooking.com\/en\/wp-json\/wp\/v2\/product\/36813","targetHints":{"allow":["GET"]}}],"collection":[{"href":"https:\/\/www.galerie-scrapbooking.com\/en\/wp-json\/wp\/v2\/product"}],"about":[{"href":"https:\/\/www.galerie-scrapbooking.com\/en\/wp-json\/wp\/v2\/types\/product"}],"wp:featuredmedia":[{"embeddable":true,"href":"https:\/\/www.galerie-scrapbooking.com\/en\/wp-json\/wp\/v2\/media\/36814"}],"wp:attachment":[{"href":"https:\/\/www.galerie-scrapbooking.com\/en\/wp-json\/wp\/v2\/media?parent=36813"}],"wp:term":[{"taxonomy":"product_brand","embeddable":true,"href":"https:\/\/www.galerie-scrapbooking.com\/en\/wp-json\/wp\/v2\/product_brand?post=36813"},{"taxonomy":"product_cat","embeddable":true,"href":"https:\/\/www.galerie-scrapbooking.com\/en\/wp-json\/wp\/v2\/product_cat?post=36813"},{"taxonomy":"product_tag","embeddable":true,"href":"https:\/\/www.galerie-scrapbooking.com\/en\/wp-json\/wp\/v2\/product_tag?post=36813"}],"curies":[{"name":"wp","href":"https:\/\/api.w.org\/{rel}","templated":true}]}}