{"id":36805,"date":"2025-11-13T10:28:54","date_gmt":"2025-11-13T15:28:54","guid":{"rendered":"https:\/\/www.galerie-scrapbooking.com\/?post_type=product&#038;p=36805"},"modified":"2025-12-29T10:33:29","modified_gmt":"2025-12-29T15:33:29","slug":"posca-marqueur-pointe-extra-fine-embout-metal-rouge","status":"publish","type":"product","link":"https:\/\/www.galerie-scrapbooking.com\/en\/produit\/posca-marqueur-pointe-extra-fine-embout-metal-rouge\/","title":{"rendered":"POSCA Marqueur Pointe Extra-Fine Embout M\u00e9tal Rouge"},"content":{"rendered":"<h1>POSCA Marqueur Pointe Extra-Fine Rouge Embout M\u00e9tal<\/h1>\n<p>Les marqueurs de peinture POSCA non toxiques \u00e0 base d&#8217;eau peuvent \u00eatre utilis\u00e9s sur presque toutes les surfaces et sont appr\u00e9ci\u00e9s des professionnels, des amateurs cr\u00e9atifs et des amateurs.<\/p>\n<p>La peinture opaque sans alcool ni solvant couvre bien, se m\u00e9lange, s\u00e8che rapidement et peut \u00eatre recouverte une fois s\u00e8che<\/p>\n<p>Des d\u00e9tails:<\/p>\n<p>Disponible en plusieurs couleurs<\/p>\n<p>Pointe de 0.7 mm<\/p>\n<p>Pointe extra-fine.<\/p>\n","protected":false},"excerpt":{"rendered":"<p>POSCA 1M Extra-Fine Bullet Tip Paint Marker &#8211; Red<\/p>\n","protected":false},"featured_media":36796,"template":"","meta":{"_acf_changed":false},"product_brand":[],"product_cat":[252,404],"product_tag":[],"class_list":{"0":"post-36805","1":"product","2":"type-product","3":"status-publish","4":"has-post-thumbnail","6":"product_cat-herazz-nouveautes","7":"product_cat-marqueur-posca","8":"pa_brand_nc-autres","10":"first","11":"instock","12":"featured","13":"taxable","14":"shipping-taxable","15":"purchasable","16":"product-type-simple"},"acf":[],"aioseo_notices":[],"_links":{"self":[{"href":"https:\/\/www.galerie-scrapbooking.com\/en\/wp-json\/wp\/v2\/product\/36805","targetHints":{"allow":["GET"]}}],"collection":[{"href":"https:\/\/www.galerie-scrapbooking.com\/en\/wp-json\/wp\/v2\/product"}],"about":[{"href":"https:\/\/www.galerie-scrapbooking.com\/en\/wp-json\/wp\/v2\/types\/product"}],"wp:featuredmedia":[{"embeddable":true,"href":"https:\/\/www.galerie-scrapbooking.com\/en\/wp-json\/wp\/v2\/media\/36796"}],"wp:attachment":[{"href":"https:\/\/www.galerie-scrapbooking.com\/en\/wp-json\/wp\/v2\/media?parent=36805"}],"wp:term":[{"taxonomy":"product_brand","embeddable":true,"href":"https:\/\/www.galerie-scrapbooking.com\/en\/wp-json\/wp\/v2\/product_brand?post=36805"},{"taxonomy":"product_cat","embeddable":true,"href":"https:\/\/www.galerie-scrapbooking.com\/en\/wp-json\/wp\/v2\/product_cat?post=36805"},{"taxonomy":"product_tag","embeddable":true,"href":"https:\/\/www.galerie-scrapbooking.com\/en\/wp-json\/wp\/v2\/product_tag?post=36805"}],"curies":[{"name":"wp","href":"https:\/\/api.w.org\/{rel}","templated":true}]}}