{"id":36738,"date":"2025-11-06T08:43:38","date_gmt":"2025-11-06T13:43:38","guid":{"rendered":"https:\/\/www.galerie-scrapbooking.com\/?post_type=product&#038;p=36738"},"modified":"2026-03-28T11:26:33","modified_gmt":"2026-03-28T15:26:33","slug":"frogs-whiskers-etampe-patsy-la-gnome","status":"publish","type":"product","link":"https:\/\/www.galerie-scrapbooking.com\/en\/produit\/frogs-whiskers-etampe-patsy-la-gnome\/","title":{"rendered":"Frog&#8217;s Whiskers \u00c9tampe Patsy la Gnome"},"content":{"rendered":"<h1>Frog&#8217;s Whiskers \u00c9tampe Patsy la Gnome<\/h1>\n<p>\u00c9tampe en caoutchouc Frog&#8217;s Whiskers Patsy la Gnome<\/p>\n<p>Cette adorable gnome est parfaite pour d\u00e9corer vos cartes de v\u0153ux<\/p>\n<p>Ce tampon peut \u00eatre mont\u00e9 sur un bloc acrylique ou utilis\u00e9 avec une plate-forme d&#8217;estampage pour un estampage facile.<\/p>\n<p>Dimensions : 6,35 x 7,62 cm<\/p>\n","protected":false},"excerpt":{"rendered":"<p>Frog&#8217;s Whiskers Ink Stamp &#8211; Patsy Gnome<\/p>\n","protected":false},"featured_media":36728,"template":"","meta":{"_acf_changed":false},"product_brand":[],"product_cat":[121,39,252],"product_tag":[],"class_list":{"0":"post-36738","1":"product","2":"type-product","3":"status-publish","4":"has-post-thumbnail","6":"product_cat-etampe-scrapbooking-autre","7":"product_cat-liquidation-scrapbooking","8":"product_cat-herazz-nouveautes","9":"pa_brand_nc-frogs-whiskers","11":"first","12":"instock","13":"sale","14":"featured","15":"taxable","16":"shipping-taxable","17":"purchasable","18":"product-type-simple"},"acf":[],"aioseo_notices":[],"_links":{"self":[{"href":"https:\/\/www.galerie-scrapbooking.com\/en\/wp-json\/wp\/v2\/product\/36738","targetHints":{"allow":["GET"]}}],"collection":[{"href":"https:\/\/www.galerie-scrapbooking.com\/en\/wp-json\/wp\/v2\/product"}],"about":[{"href":"https:\/\/www.galerie-scrapbooking.com\/en\/wp-json\/wp\/v2\/types\/product"}],"wp:featuredmedia":[{"embeddable":true,"href":"https:\/\/www.galerie-scrapbooking.com\/en\/wp-json\/wp\/v2\/media\/36728"}],"wp:attachment":[{"href":"https:\/\/www.galerie-scrapbooking.com\/en\/wp-json\/wp\/v2\/media?parent=36738"}],"wp:term":[{"taxonomy":"product_brand","embeddable":true,"href":"https:\/\/www.galerie-scrapbooking.com\/en\/wp-json\/wp\/v2\/product_brand?post=36738"},{"taxonomy":"product_cat","embeddable":true,"href":"https:\/\/www.galerie-scrapbooking.com\/en\/wp-json\/wp\/v2\/product_cat?post=36738"},{"taxonomy":"product_tag","embeddable":true,"href":"https:\/\/www.galerie-scrapbooking.com\/en\/wp-json\/wp\/v2\/product_tag?post=36738"}],"curies":[{"name":"wp","href":"https:\/\/api.w.org\/{rel}","templated":true}]}}