{"id":36720,"date":"2025-11-06T08:43:38","date_gmt":"2025-11-06T13:43:38","guid":{"rendered":"https:\/\/www.galerie-scrapbooking.com\/?post_type=product&#038;p=36720"},"modified":"2025-12-01T15:17:06","modified_gmt":"2025-12-01T20:17:06","slug":"lavinia-stencil-masque-flocons","status":"publish","type":"product","link":"https:\/\/www.galerie-scrapbooking.com\/en\/produit\/lavinia-stencil-masque-flocons\/","title":{"rendered":"Lavinia Stencil Masque Flocons"},"content":{"rendered":"<h1>Lavinia Stencil Masque Flocons<\/h1>\n<p>Cr\u00e9ez de magnifiques motifs de saison gr\u00e2ce \u00e0 ces pochoirs flocons de neige d\u00e9taill\u00e9s.<\/p>\n<p>Parfaits pour une utilisation avec des encres, des peintures, des p\u00e2tes et diverses techniques mixtes. Nos pochoirs adh\u00e8rent parfaitement au MDF, au papier, au verre, au plastique, au carton, au bois, aux textiles et bien plus encore.<\/p>\n<p>Parfaits pour utiliser avec le Mica Spray, Distress Spray Stain, p\u00e2te d&#8217;embossage, Distress ink etc&#8230; pour vos cartes de souhaits ou autres projets en scrapbooking.<\/p>\n<p>Grandeur: 20 x 20 cm.<\/p>\n","protected":false},"excerpt":{"rendered":"<p>Lavinia Stencils 20 x 20 cm &#8211; Red Brick<\/p>\n","protected":false},"featured_media":36706,"template":"","meta":{"_acf_changed":false},"product_brand":[],"product_cat":[379,105,252],"product_tag":[],"class_list":{"0":"post-36720","1":"product","2":"type-product","3":"status-publish","4":"has-post-thumbnail","6":"product_cat-stencil-lavinia","7":"product_cat-masques-scrapbooking","8":"product_cat-herazz-nouveautes","9":"pa_brand_nc-lavinia","11":"first","12":"instock","13":"featured","14":"taxable","15":"shipping-taxable","16":"purchasable","17":"product-type-simple"},"acf":[],"aioseo_notices":[],"_links":{"self":[{"href":"https:\/\/www.galerie-scrapbooking.com\/en\/wp-json\/wp\/v2\/product\/36720","targetHints":{"allow":["GET"]}}],"collection":[{"href":"https:\/\/www.galerie-scrapbooking.com\/en\/wp-json\/wp\/v2\/product"}],"about":[{"href":"https:\/\/www.galerie-scrapbooking.com\/en\/wp-json\/wp\/v2\/types\/product"}],"wp:featuredmedia":[{"embeddable":true,"href":"https:\/\/www.galerie-scrapbooking.com\/en\/wp-json\/wp\/v2\/media\/36706"}],"wp:attachment":[{"href":"https:\/\/www.galerie-scrapbooking.com\/en\/wp-json\/wp\/v2\/media?parent=36720"}],"wp:term":[{"taxonomy":"product_brand","embeddable":true,"href":"https:\/\/www.galerie-scrapbooking.com\/en\/wp-json\/wp\/v2\/product_brand?post=36720"},{"taxonomy":"product_cat","embeddable":true,"href":"https:\/\/www.galerie-scrapbooking.com\/en\/wp-json\/wp\/v2\/product_cat?post=36720"},{"taxonomy":"product_tag","embeddable":true,"href":"https:\/\/www.galerie-scrapbooking.com\/en\/wp-json\/wp\/v2\/product_tag?post=36720"}],"curies":[{"name":"wp","href":"https:\/\/api.w.org\/{rel}","templated":true}]}}