{"id":36719,"date":"2025-11-06T08:43:39","date_gmt":"2025-11-06T13:43:39","guid":{"rendered":"https:\/\/www.galerie-scrapbooking.com\/?post_type=product&#038;p=36719"},"modified":"2026-02-12T09:58:03","modified_gmt":"2026-02-12T14:58:03","slug":"lavinia-etampe-passage-crepusculaire","status":"publish","type":"product","link":"https:\/\/www.galerie-scrapbooking.com\/en\/produit\/lavinia-etampe-passage-crepusculaire\/","title":{"rendered":"Lavinia \u00c9tampe Passage cr\u00e9pusculaire"},"content":{"rendered":"<h1>Lavinia \u00c9tampe Passage cr\u00e9pusculaire<\/h1>\n<p>Une simple \u00e9tampe repr\u00e9sentant un chemin pav\u00e9 sinueux.<\/p>\n<p>Les \u00e9tampes de chemin ajoutent une ligne directrice lumineuse \u00e0 votre composition, guidant le regard vers leur point d&#8217;arriv\u00e9e au loin.<\/p>\n<p>Associez-le \u00e0 l&#8217;une de nos nombreuses maisons de f\u00e9es, comme la Demeure du Gland ou le Coin, pour cr\u00e9er un passage f\u00e9erique.<\/p>\n<p>Dimension approximative:<\/p>\n<p>4.5 cm x 6.2 cm<\/p>\n<p>&nbsp;<\/p>\n","protected":false},"excerpt":{"rendered":"<p>Lavinia Stamp &#8211; Twilight Passage<\/p>\n","protected":false},"featured_media":36702,"template":"","meta":{"_acf_changed":false},"product_brand":[],"product_cat":[342,424,252],"product_tag":[],"class_list":{"0":"post-36719","1":"product","2":"type-product","3":"status-publish","4":"has-post-thumbnail","6":"product_cat-etampes-lavinia","7":"product_cat-mystique-zen","8":"product_cat-herazz-nouveautes","9":"pa_brand_nc-lavinia","11":"first","12":"instock","13":"featured","14":"taxable","15":"shipping-taxable","16":"purchasable","17":"product-type-simple"},"acf":[],"aioseo_notices":[],"_links":{"self":[{"href":"https:\/\/www.galerie-scrapbooking.com\/en\/wp-json\/wp\/v2\/product\/36719","targetHints":{"allow":["GET"]}}],"collection":[{"href":"https:\/\/www.galerie-scrapbooking.com\/en\/wp-json\/wp\/v2\/product"}],"about":[{"href":"https:\/\/www.galerie-scrapbooking.com\/en\/wp-json\/wp\/v2\/types\/product"}],"wp:featuredmedia":[{"embeddable":true,"href":"https:\/\/www.galerie-scrapbooking.com\/en\/wp-json\/wp\/v2\/media\/36702"}],"wp:attachment":[{"href":"https:\/\/www.galerie-scrapbooking.com\/en\/wp-json\/wp\/v2\/media?parent=36719"}],"wp:term":[{"taxonomy":"product_brand","embeddable":true,"href":"https:\/\/www.galerie-scrapbooking.com\/en\/wp-json\/wp\/v2\/product_brand?post=36719"},{"taxonomy":"product_cat","embeddable":true,"href":"https:\/\/www.galerie-scrapbooking.com\/en\/wp-json\/wp\/v2\/product_cat?post=36719"},{"taxonomy":"product_tag","embeddable":true,"href":"https:\/\/www.galerie-scrapbooking.com\/en\/wp-json\/wp\/v2\/product_tag?post=36719"}],"curies":[{"name":"wp","href":"https:\/\/api.w.org\/{rel}","templated":true}]}}