{"id":36718,"date":"2025-11-06T08:43:39","date_gmt":"2025-11-06T13:43:39","guid":{"rendered":"https:\/\/www.galerie-scrapbooking.com\/?post_type=product&#038;p=36718"},"modified":"2025-12-01T15:17:05","modified_gmt":"2025-12-01T20:17:05","slug":"lavinia-etampe-thistlewhisk-la-souris","status":"publish","type":"product","link":"https:\/\/www.galerie-scrapbooking.com\/en\/produit\/lavinia-etampe-thistlewhisk-la-souris\/","title":{"rendered":"Lavinia \u00c9tampe Thistlewhisk la Souris"},"content":{"rendered":"<h1>Lavinia \u00c9tampe Thistlewhisk la Souris<\/h1>\n<p>Une simple \u00e9tampe repr\u00e9sentant une souris agripp\u00e9e \u00e0 un parapluie \u00e0 pois.<\/p>\n<p>Thistlewhisk, la souris rus\u00e9e, a r\u00e9ussi \u00e0 fabriquer un parapluie avec un chapeau de champignon. Int\u00e9grez-la \u00e0 votre sc\u00e8ne pour un personnage instantan\u00e9ment charmant, qui a une histoire \u00e0 raconter.<\/p>\n<p>Dimension approximative:<\/p>\n<p>3.0 cm x 5.9 cm<\/p>\n<p>&nbsp;<\/p>\n","protected":false},"excerpt":{"rendered":"<p>Lavinia Stamp &#8211; Thistlewhisk<\/p>\n","protected":false},"featured_media":36700,"template":"","meta":{"_acf_changed":false},"product_brand":[],"product_cat":[421,342,252],"product_tag":[],"class_list":{"0":"post-36718","1":"product","2":"type-product","3":"status-publish","4":"has-post-thumbnail","6":"product_cat-animaux-insectes","7":"product_cat-etampes-lavinia","8":"product_cat-herazz-nouveautes","9":"pa_brand_nc-lavinia","11":"first","12":"outofstock","13":"featured","14":"taxable","15":"shipping-taxable","16":"purchasable","17":"product-type-simple"},"acf":[],"aioseo_notices":[],"_links":{"self":[{"href":"https:\/\/www.galerie-scrapbooking.com\/en\/wp-json\/wp\/v2\/product\/36718","targetHints":{"allow":["GET"]}}],"collection":[{"href":"https:\/\/www.galerie-scrapbooking.com\/en\/wp-json\/wp\/v2\/product"}],"about":[{"href":"https:\/\/www.galerie-scrapbooking.com\/en\/wp-json\/wp\/v2\/types\/product"}],"wp:featuredmedia":[{"embeddable":true,"href":"https:\/\/www.galerie-scrapbooking.com\/en\/wp-json\/wp\/v2\/media\/36700"}],"wp:attachment":[{"href":"https:\/\/www.galerie-scrapbooking.com\/en\/wp-json\/wp\/v2\/media?parent=36718"}],"wp:term":[{"taxonomy":"product_brand","embeddable":true,"href":"https:\/\/www.galerie-scrapbooking.com\/en\/wp-json\/wp\/v2\/product_brand?post=36718"},{"taxonomy":"product_cat","embeddable":true,"href":"https:\/\/www.galerie-scrapbooking.com\/en\/wp-json\/wp\/v2\/product_cat?post=36718"},{"taxonomy":"product_tag","embeddable":true,"href":"https:\/\/www.galerie-scrapbooking.com\/en\/wp-json\/wp\/v2\/product_tag?post=36718"}],"curies":[{"name":"wp","href":"https:\/\/api.w.org\/{rel}","templated":true}]}}