{"id":36717,"date":"2025-11-06T08:43:39","date_gmt":"2025-11-06T13:43:39","guid":{"rendered":"https:\/\/www.galerie-scrapbooking.com\/?post_type=product&#038;p=36717"},"modified":"2025-12-02T13:47:31","modified_gmt":"2025-12-02T18:47:31","slug":"lavinia-etampe-pipspell-la-souris","status":"publish","type":"product","link":"https:\/\/www.galerie-scrapbooking.com\/en\/produit\/lavinia-etampe-pipspell-la-souris\/","title":{"rendered":"Lavinia \u00c9tampe Pipspell la Souris"},"content":{"rendered":"<h1>Lavinia \u00c9tampe Pipspell la Souris<\/h1>\n<p>Une \u00e9tampe unique repr\u00e9sentant une souris finement d\u00e9taill\u00e9e nomm\u00e9e Pipspell, tenant un b\u00e2ton d&#8217;\u00c9ternit\u00e9 surmont\u00e9 d&#8217;une lanterne pour \u00e9clairer son chemin.<\/p>\n<p>Un personnage id\u00e9al pour cr\u00e9er une sc\u00e8ne : utilisez cette \u00e9tampe comme \u00e9l\u00e9ment central et entourez-le d&#8217;autres \u00e9l\u00e9ments pour raconter une histoire enchanteresse.<\/p>\n<p>Dimension approximative:<\/p>\n<p>4.7 cm x 7.7 cm<\/p>\n<p>&nbsp;<\/p>\n","protected":false},"excerpt":{"rendered":"<p>Lavinia Stamp &#8211; Pipspell<\/p>\n","protected":false},"featured_media":36694,"template":"","meta":{"_acf_changed":false},"product_brand":[],"product_cat":[421,342,252],"product_tag":[],"class_list":{"0":"post-36717","1":"product","2":"type-product","3":"status-publish","4":"has-post-thumbnail","6":"product_cat-animaux-insectes","7":"product_cat-etampes-lavinia","8":"product_cat-herazz-nouveautes","9":"pa_brand_nc-lavinia","11":"first","12":"instock","13":"featured","14":"taxable","15":"shipping-taxable","16":"purchasable","17":"product-type-simple"},"acf":[],"aioseo_notices":[],"_links":{"self":[{"href":"https:\/\/www.galerie-scrapbooking.com\/en\/wp-json\/wp\/v2\/product\/36717","targetHints":{"allow":["GET"]}}],"collection":[{"href":"https:\/\/www.galerie-scrapbooking.com\/en\/wp-json\/wp\/v2\/product"}],"about":[{"href":"https:\/\/www.galerie-scrapbooking.com\/en\/wp-json\/wp\/v2\/types\/product"}],"wp:featuredmedia":[{"embeddable":true,"href":"https:\/\/www.galerie-scrapbooking.com\/en\/wp-json\/wp\/v2\/media\/36694"}],"wp:attachment":[{"href":"https:\/\/www.galerie-scrapbooking.com\/en\/wp-json\/wp\/v2\/media?parent=36717"}],"wp:term":[{"taxonomy":"product_brand","embeddable":true,"href":"https:\/\/www.galerie-scrapbooking.com\/en\/wp-json\/wp\/v2\/product_brand?post=36717"},{"taxonomy":"product_cat","embeddable":true,"href":"https:\/\/www.galerie-scrapbooking.com\/en\/wp-json\/wp\/v2\/product_cat?post=36717"},{"taxonomy":"product_tag","embeddable":true,"href":"https:\/\/www.galerie-scrapbooking.com\/en\/wp-json\/wp\/v2\/product_tag?post=36717"}],"curies":[{"name":"wp","href":"https:\/\/api.w.org\/{rel}","templated":true}]}}